{"id":300,"date":"2024-05-03T14:59:47","date_gmt":"2024-05-03T13:59:47","guid":{"rendered":"https:\/\/teamtrackonline.com\/es\/?page_id=300"},"modified":"2026-03-31T07:38:47","modified_gmt":"2026-03-31T06:38:47","slug":"roadbooks-pdf-rally","status":"publish","type":"page","link":"https:\/\/teamtrackonline.com\/es\/roadbooks-pdf-rally\/","title":{"rendered":"Roadbooks PDF Rally"},"content":{"rendered":"\n<figure class=\"wp-block-image alignright size-full is-resized\"><a href=\"https:\/\/play.google.com\/store\/apps\/details?id=rpdfr.teamtrack\" target=\"_blank\" rel=\"noreferrer noopener\"><img loading=\"lazy\" decoding=\"async\" width=\"558\" height=\"162\" src=\"https:\/\/teamtrackonline.com\/es\/wp-content\/uploads\/2024\/04\/es.webp\" alt=\"\" class=\"wp-image-30\" style=\"width:189px;height:auto\"\/><\/a><\/figure>\n\n\n\n<p class=\"has-accent-3-color has-text-color has-link-color has-heading-font-family wp-elements-657736a90e89b40d06a235bcc0f6954c\">Para versiones de Android 9 en adelante<\/p>\n\n\n\n<div class=\"wp-block-group alignfull has-accent-4-background-color has-background has-global-padding is-layout-constrained wp-block-group-is-layout-constrained\">\n<figure class=\"wp-block-image size-full is-resized\"><img loading=\"lazy\" decoding=\"async\" width=\"1024\" height=\"500\" src=\"https:\/\/teamtrackonline.com\/es\/wp-content\/uploads\/2024\/05\/logo-RPDF_gr.png\" alt=\"\" class=\"wp-image-303\" style=\"width:238px;height:auto\" srcset=\"https:\/\/teamtrackonline.com\/es\/wp-content\/uploads\/2024\/05\/logo-RPDF_gr.png 1024w, https:\/\/teamtrackonline.com\/es\/wp-content\/uploads\/2024\/05\/logo-RPDF_gr-300x146.png 300w, https:\/\/teamtrackonline.com\/es\/wp-content\/uploads\/2024\/05\/logo-RPDF_gr-768x375.png 768w\" sizes=\"auto, (max-width: 1024px) 100vw, 1024px\" \/><\/figure>\n\n\n\n<p class=\"has-heading-font-family has-large-font-size\" style=\"line-height:1.3\">Navega Roadbooks en formato OpenRally, paso autom\u00e1tico de vi\u00f1etas, rumbos a siguientes vi\u00f1etas, mensajes bidireccionales, seguimiento a tiempo real y mucho mas&#8230;<\/p>\n\n\n\n<figure class=\"wp-block-image aligncenter size-full is-resized has-custom-border\"><img loading=\"lazy\" decoding=\"async\" width=\"763\" height=\"477\" src=\"https:\/\/teamtrackonline.com\/es\/wp-content\/uploads\/2024\/05\/2024-05-03_10-56-39.png\" alt=\"\" class=\"wp-image-302\" style=\"border-width:16px;border-radius:26px;width:477px;height:auto\" srcset=\"https:\/\/teamtrackonline.com\/es\/wp-content\/uploads\/2024\/05\/2024-05-03_10-56-39.png 763w, https:\/\/teamtrackonline.com\/es\/wp-content\/uploads\/2024\/05\/2024-05-03_10-56-39-300x188.png 300w\" sizes=\"auto, (max-width: 763px) 100vw, 763px\" \/><\/figure>\n<\/div>\n\n\n\n<div class=\"wp-block-group alignfull is-nowrap is-layout-flex wp-container-core-group-is-layout-6c531013 wp-block-group-is-layout-flex\">\n<figure class=\"wp-block-image size-full is-resized has-custom-border\"><img loading=\"lazy\" decoding=\"async\" width=\"791\" height=\"385\" src=\"https:\/\/teamtrackonline.com\/es\/wp-content\/uploads\/2024\/05\/2024-05-03_10-40-07.png\" alt=\"\" class=\"wp-image-305\" style=\"border-width:10px;border-radius:22px;width:239px;height:auto\" srcset=\"https:\/\/teamtrackonline.com\/es\/wp-content\/uploads\/2024\/05\/2024-05-03_10-40-07.png 791w, https:\/\/teamtrackonline.com\/es\/wp-content\/uploads\/2024\/05\/2024-05-03_10-40-07-300x146.png 300w, https:\/\/teamtrackonline.com\/es\/wp-content\/uploads\/2024\/05\/2024-05-03_10-40-07-768x374.png 768w\" sizes=\"auto, (max-width: 791px) 100vw, 791px\" \/><\/figure>\n\n\n\n<div class=\"wp-block-group is-vertical is-layout-flex wp-container-core-group-is-layout-fe9cc265 wp-block-group-is-layout-flex\">\n<h2 class=\"wp-block-heading\">Principales caracter\u00edsticas:<\/h2>\n\n\n\n<ul class=\"wp-block-list\">\n<li><a href=\"#envi-ubi\">Env\u00edo de ubicaci\u00f3n a tiempo real para que puedan seguirte desde casa u otros compa\u00f1eros<\/a>.<\/li>\n\n\n\n<li><a href=\"#compa-eve\">Compatible con eventos donde se usen balizas de TeamTrack o el app de TeamTrack.<\/a><\/li>\n\n\n\n<li><a href=\"#envi-auto\">Env\u00edo autom\u00e1tico del recorrido al organizador del evento al acabar el recorrido<\/a>.<\/li>\n\n\n\n<li><a href=\"#mensa-bidi\">Mensajes bidireccionales de aviso para indicar cortes de recorrido, accidentes o cualquier dato del que el piloto deba ser informado, a tiempo real y con confirmaci\u00f3n de lectura. El organizador podr\u00e1 realizarte preguntas y tu contestarlas en pantalla.<\/a><\/li>\n\n\n\n<li><a href=\"#msg-sos\">Mensajes en caso de emergencia m\u00e9dica o mec\u00e1nica<\/a>. <\/li>\n\n\n\n<li>Compatible con roadbooks con formato PDF de <a href=\"https:\/\/www.rallynavigator.com\/\">Rally Navigator<\/a>, River Notes, etc. Puedes subir tus propios roadbooks desde la web de gesti\u00f3n o usar los roadbooks que creen los organizadores para lo eventos en los que te inscribas.<\/li>\n<\/ul>\n<\/div>\n<\/div>\n\n\n\n<div class=\"wp-block-group alignfull has-accent-4-background-color has-background has-global-padding is-layout-constrained wp-block-group-is-layout-constrained\">\n<div class=\"wp-block-group is-nowrap is-layout-flex wp-container-core-group-is-layout-e021f648 wp-block-group-is-layout-flex\" style=\"padding-top:var(--wp--preset--spacing--20);padding-bottom:var(--wp--preset--spacing--20)\">\n<figure class=\"wp-block-image size-full\"><img loading=\"lazy\" decoding=\"async\" width=\"512\" height=\"512\" src=\"https:\/\/teamtrackonline.com\/es\/wp-content\/uploads\/2024\/04\/logo_TT_r_icon.png\" alt=\"\" class=\"wp-image-60\" srcset=\"https:\/\/teamtrackonline.com\/es\/wp-content\/uploads\/2024\/04\/logo_TT_r_icon.png 512w, https:\/\/teamtrackonline.com\/es\/wp-content\/uploads\/2024\/04\/logo_TT_r_icon-300x300.png 300w, https:\/\/teamtrackonline.com\/es\/wp-content\/uploads\/2024\/04\/logo_TT_r_icon-150x150.png 150w\" sizes=\"auto, (max-width: 512px) 100vw, 512px\" \/><\/figure>\n\n\n\n<div class=\"wp-block-group is-vertical is-layout-flex wp-container-core-group-is-layout-fe9cc265 wp-block-group-is-layout-flex\">\n<p class=\"has-large-font-size\" id=\"envi-ubi\" style=\"font-style:normal;font-weight:500;line-height:1.2\">Env\u00edo de ubicaci\u00f3n a tiempo real<\/p>\n\n\n\n<div class=\"wp-block-group is-layout-flow wp-block-group-is-layout-flow\">\n<p class=\"has-medium-font-size\">El app enviar\u00e1 la ubicaci\u00f3n como usuario de TeamTrack siempre y cuando la cobertura lo permita.<\/p>\n\n\n\n<p>Podr\u00e1 ser seguido a trav\u00e9s de su enlace habitual de seguimiento de TeamTrack.<\/p>\n\n\n\n<p>Ademas el organizador podr\u00e1 verle en la web de seguimiento junto con los dem\u00e1s pilotos y otros usuarios que lleven nuestra baliza o utilicen el app de seguimiento TeamTrack X.<\/p>\n<\/div>\n<\/div>\n<\/div>\n<\/div>\n\n\n\n<div class=\"wp-block-group alignfull has-base-2-background-color has-background has-global-padding is-layout-constrained wp-block-group-is-layout-constrained\">\n<div class=\"wp-block-group is-nowrap is-layout-flex wp-container-core-group-is-layout-e021f648 wp-block-group-is-layout-flex\" style=\"padding-top:var(--wp--preset--spacing--20);padding-bottom:var(--wp--preset--spacing--20)\">\n<figure class=\"wp-block-image size-full\"><img loading=\"lazy\" decoding=\"async\" width=\"828\" height=\"1433\" src=\"https:\/\/teamtrackonline.com\/es\/wp-content\/uploads\/2024\/04\/398143211_766791175460377_3529810865268555168_n.jpg\" alt=\"\" class=\"wp-image-64\" srcset=\"https:\/\/teamtrackonline.com\/es\/wp-content\/uploads\/2024\/04\/398143211_766791175460377_3529810865268555168_n.jpg 828w, https:\/\/teamtrackonline.com\/es\/wp-content\/uploads\/2024\/04\/398143211_766791175460377_3529810865268555168_n-173x300.jpg 173w, https:\/\/teamtrackonline.com\/es\/wp-content\/uploads\/2024\/04\/398143211_766791175460377_3529810865268555168_n-592x1024.jpg 592w, https:\/\/teamtrackonline.com\/es\/wp-content\/uploads\/2024\/04\/398143211_766791175460377_3529810865268555168_n-768x1329.jpg 768w\" sizes=\"auto, (max-width: 828px) 100vw, 828px\" \/><\/figure>\n\n\n\n<div class=\"wp-block-group is-vertical is-layout-flex wp-container-core-group-is-layout-fe9cc265 wp-block-group-is-layout-flex\">\n<p class=\"has-text-align-center has-heading-font-family has-large-font-size\" style=\"font-style:normal;font-weight:400;line-height:1.2\">Compatible con eventos con balizas de TeamTrack<\/p>\n\n\n\n<p>Si estas en un evento organizado y lo deseas, Roadbooks PRO Rally env\u00eda la ubicaci\u00f3n a los servidores de TeamTrack como si fuese una baliza m\u00e1s, de esta manera el organizador podr\u00e1 seguir a ese piloto y cuidar como si llevase una baliza de TeamTrack.<\/p>\n<\/div>\n<\/div>\n<\/div>\n\n\n\n<div class=\"wp-block-group alignfull has-accent-4-background-color has-background has-global-padding is-layout-constrained wp-block-group-is-layout-constrained\">\n<div class=\"wp-block-group is-nowrap is-layout-flex wp-container-core-group-is-layout-e021f648 wp-block-group-is-layout-flex\" style=\"padding-top:var(--wp--preset--spacing--20);padding-bottom:var(--wp--preset--spacing--20)\">\n<figure class=\"wp-block-image size-full is-resized\"><img loading=\"lazy\" decoding=\"async\" width=\"2660\" height=\"1618\" src=\"https:\/\/teamtrackonline.com\/es\/wp-content\/uploads\/2024\/04\/Captura-de-pantalla-2024-04-22-a-las-16.10.11.png\" alt=\"\" class=\"wp-image-76\" style=\"width:307px;height:auto\" srcset=\"https:\/\/teamtrackonline.com\/es\/wp-content\/uploads\/2024\/04\/Captura-de-pantalla-2024-04-22-a-las-16.10.11.png 2660w, https:\/\/teamtrackonline.com\/es\/wp-content\/uploads\/2024\/04\/Captura-de-pantalla-2024-04-22-a-las-16.10.11-300x182.png 300w, https:\/\/teamtrackonline.com\/es\/wp-content\/uploads\/2024\/04\/Captura-de-pantalla-2024-04-22-a-las-16.10.11-1024x623.png 1024w, https:\/\/teamtrackonline.com\/es\/wp-content\/uploads\/2024\/04\/Captura-de-pantalla-2024-04-22-a-las-16.10.11-768x467.png 768w, https:\/\/teamtrackonline.com\/es\/wp-content\/uploads\/2024\/04\/Captura-de-pantalla-2024-04-22-a-las-16.10.11-1536x934.png 1536w, https:\/\/teamtrackonline.com\/es\/wp-content\/uploads\/2024\/04\/Captura-de-pantalla-2024-04-22-a-las-16.10.11-2048x1246.png 2048w\" sizes=\"auto, (max-width: 2660px) 100vw, 2660px\" \/><\/figure>\n\n\n\n<div class=\"wp-block-group is-vertical is-layout-flex wp-container-core-group-is-layout-fe9cc265 wp-block-group-is-layout-flex\">\n<p class=\"has-large-font-size\" id=\"envi-auto\" style=\"font-style:normal;font-weight:500;line-height:1.2\">Env\u00edo autom\u00e1tico del recorrido en formato GPX al finalizar.<\/p>\n\n\n\n<div class=\"wp-block-group is-layout-flow wp-block-group-is-layout-flow\">\n<p class=\"has-medium-font-size\">Cuando el app detecte que se validaron todos los Waypoints  se subir\u00e1 el recorrido al servidor para que el organizador pueda descargarlo o verlo tambien si no se validan todos los waypoints pero el usuario salga de la ventana de navegacion se ofrecer\u00e1 la opci\u00f3n de generar el GPX y subirlo al servidor.<\/p>\n<\/div>\n<\/div>\n<\/div>\n<\/div>\n\n\n\n<div class=\"wp-block-group alignfull has-base-2-background-color has-background has-global-padding is-layout-constrained wp-block-group-is-layout-constrained\">\n<div class=\"wp-block-group is-nowrap is-layout-flex wp-container-core-group-is-layout-e021f648 wp-block-group-is-layout-flex\" style=\"padding-top:var(--wp--preset--spacing--20);padding-bottom:var(--wp--preset--spacing--20)\">\n<div class=\"wp-block-group is-vertical is-layout-flex wp-container-core-group-is-layout-fe9cc265 wp-block-group-is-layout-flex\">\n<figure class=\"wp-block-image size-full is-resized\"><img loading=\"lazy\" decoding=\"async\" width=\"810\" height=\"394\" src=\"https:\/\/teamtrackonline.com\/es\/wp-content\/uploads\/2024\/04\/2024-04-12_11-05-30-1.png\" alt=\"\" class=\"wp-image-78\" style=\"width:304px;height:auto\" srcset=\"https:\/\/teamtrackonline.com\/es\/wp-content\/uploads\/2024\/04\/2024-04-12_11-05-30-1.png 810w, https:\/\/teamtrackonline.com\/es\/wp-content\/uploads\/2024\/04\/2024-04-12_11-05-30-1-300x146.png 300w, https:\/\/teamtrackonline.com\/es\/wp-content\/uploads\/2024\/04\/2024-04-12_11-05-30-1-768x374.png 768w\" sizes=\"auto, (max-width: 810px) 100vw, 810px\" \/><\/figure>\n\n\n\n<figure class=\"wp-block-image size-full\"><img loading=\"lazy\" decoding=\"async\" width=\"810\" height=\"394\" src=\"https:\/\/teamtrackonline.com\/es\/wp-content\/uploads\/2024\/04\/2024-04-12_11-05-52.png\" alt=\"\" class=\"wp-image-77\" srcset=\"https:\/\/teamtrackonline.com\/es\/wp-content\/uploads\/2024\/04\/2024-04-12_11-05-52.png 810w, https:\/\/teamtrackonline.com\/es\/wp-content\/uploads\/2024\/04\/2024-04-12_11-05-52-300x146.png 300w, https:\/\/teamtrackonline.com\/es\/wp-content\/uploads\/2024\/04\/2024-04-12_11-05-52-768x374.png 768w\" sizes=\"auto, (max-width: 810px) 100vw, 810px\" \/><\/figure>\n<\/div>\n\n\n\n<div class=\"wp-block-group is-vertical is-layout-flex wp-container-core-group-is-layout-fe9cc265 wp-block-group-is-layout-flex\">\n<p class=\"has-text-align-center has-heading-font-family has-large-font-size\" id=\"mensa-bidi\" style=\"font-style:normal;font-weight:400;line-height:1.2\">Mensajes bidireccionales con organizaci\u00f3n<\/p>\n\n\n\n<p>En caso de emergencia por parte del piloto, por modificacion de recorrido, aviso de peligro o cualquier otro motivo ,el organizador podra mandar mensajes a tiempo real al dispositivo del piloto.<\/p>\n\n\n\n<p>Existen dos tipo de mensajes aviso y pregunta.<\/p>\n\n\n\n<p class=\"has-medium-font-size\">El organizador puede mandar un mensaje de aviso o pregunta para un piloto, todos los pilotos o solo los de una categor\u00eda. <\/p>\n\n\n\n<p class=\"has-medium-font-size\">Los mensajes de aviso solo muestran el mensaje y un bot\u00f3n de \u00abOk, recibido\u00bb para que el organizador sepa que ese piloto fue notificado, por ejemplo de una reunificaci\u00f3n o de un peligro puntual.<\/p>\n\n\n\n<p>Los mensajes de pregunta en cambio ofrecen tres opciones al piloto:\u00bbSi\u00bb, \u00abNo lo se\u00bb, \u00abNo\u00bb. <\/p>\n\n\n\n<p>Hasta que el piloto no contesta el mensaje que en pantalla pitando en primer plano.<\/p>\n<\/div>\n<\/div>\n<\/div>\n\n\n\n<div class=\"wp-block-group alignfull has-accent-4-background-color has-background has-global-padding is-layout-constrained wp-block-group-is-layout-constrained\">\n<div class=\"wp-block-group is-nowrap is-layout-flex wp-container-core-group-is-layout-e021f648 wp-block-group-is-layout-flex\" style=\"padding-top:var(--wp--preset--spacing--20);padding-bottom:var(--wp--preset--spacing--20)\">\n<figure class=\"wp-block-image size-full is-resized\"><img loading=\"lazy\" decoding=\"async\" width=\"478\" height=\"765\" src=\"https:\/\/teamtrackonline.com\/es\/wp-content\/uploads\/2024\/05\/2024-05-03_10-56-14.png\" alt=\"\" class=\"wp-image-309\" style=\"width:226px;height:auto\" srcset=\"https:\/\/teamtrackonline.com\/es\/wp-content\/uploads\/2024\/05\/2024-05-03_10-56-14.png 478w, https:\/\/teamtrackonline.com\/es\/wp-content\/uploads\/2024\/05\/2024-05-03_10-56-14-187x300.png 187w\" sizes=\"auto, (max-width: 478px) 100vw, 478px\" \/><\/figure>\n\n\n\n<div class=\"wp-block-group is-vertical is-layout-flex wp-container-core-group-is-layout-fe9cc265 wp-block-group-is-layout-flex\">\n<p class=\"has-large-font-size\" id=\"msg-sos\" style=\"font-style:normal;font-weight:500;line-height:1.2\">Mensajes SOS en caso de emergencia medica o aver\u00eda.<\/p>\n\n\n\n<div class=\"wp-block-group is-layout-flow wp-block-group-is-layout-flow\">\n<p class=\"has-medium-font-size\">En caso de emergencia el piloto podr\u00e1 informar de la misma a trav\u00e9s del app. Diferenciando si se trata de una emergencia medica o mec\u00e1nica.<\/p>\n\n\n\n<p>Al organizador le llegar\u00e1 el aviso y ser\u00e1s informado cuando tu emergencia haya sido vista y atendida.<\/p>\n<\/div>\n<\/div>\n<\/div>\n<\/div>\n\n\n\n<div class=\"wp-block-buttons is-layout-flex wp-block-buttons-is-layout-flex\">\n<div class=\"wp-block-button\"><a class=\"wp-block-button__link wp-element-button\" href=\"https:\/\/teamtrackonline.com\/es\/contacta-con-nosotros\/\">Contacta con nosotros<\/a><\/div>\n\n\n\n<div class=\"wp-block-button\"><a class=\"wp-block-button__link wp-element-button\" href=\"https:\/\/docs.google.com\/document\/d\/1PbVoyFwAO2iD3UlEt7XlpzbkSEQx8Gpf7evo2Hj0fqo\/edit?usp=sharing\" target=\"_blank\" rel=\"noreferrer noopener\">Manual de organizador de eventos y precios<\/a><\/div>\n<\/div>\n\n\n\n<figure class=\"wp-block-image size-full is-resized\"><a href=\"https:\/\/play.google.com\/store\/apps\/details?id=rpdfr.teamtrack\" target=\"_blank\" rel=\"noreferrer noopener\"><img loading=\"lazy\" decoding=\"async\" width=\"558\" height=\"162\" src=\"https:\/\/teamtrackonline.com\/es\/wp-content\/uploads\/2024\/04\/es.webp\" alt=\"\" class=\"wp-image-30\" style=\"width:191px;height:auto\"\/><\/a><\/figure>\n\n\n\n<h2 class=\"wp-block-heading\">Instalar APK<\/h2>\n\n\n\n<p>Para instalar un archivo APK en Android,\u00a0<mark>descarga el archivo, ve a\u00a0<strong>Ajustes > Aplicaciones > Acceso especial > Instalar aplicaciones desconocidas<\/strong>, selecciona tu navegador o administrador de archivos y activa \u00abPermitir desde esta fuente\u00bb. Luego, abre el archivo APK descargado y pulsa \u00abInstalar\u00bb<\/mark><\/p>\n\n\n\n<div class=\"wp-block-buttons is-layout-flex wp-block-buttons-is-layout-flex\">\n<div class=\"wp-block-button\"><a class=\"wp-block-button__link wp-element-button\" href=\"https:\/\/www.teamtrackonline.com\/files\/PDFiumEx.apk\">Descargar APK<\/a><\/div>\n<\/div>\n\n\n\n\n\n\n","protected":false},"excerpt":{"rendered":"<p>Para versiones de Android 9 en adelante Navega Roadbooks en formato OpenRally, paso autom\u00e1tico de vi\u00f1etas, rumbos a siguientes vi\u00f1etas, mensajes bidireccionales, seguimiento a tiempo real y mucho mas&#8230; Principales caracter\u00edsticas: Env\u00edo de ubicaci\u00f3n a tiempo real El app enviar\u00e1 la ubicaci\u00f3n como usuario de TeamTrack siempre y cuando la cobertura lo permita. Podr\u00e1 ser [&hellip;]<\/p>\n","protected":false},"author":1,"featured_media":0,"parent":0,"menu_order":0,"comment_status":"closed","ping_status":"closed","template":"","meta":{"footnotes":""},"class_list":["post-300","page","type-page","status-publish","hentry"],"_links":{"self":[{"href":"https:\/\/teamtrackonline.com\/es\/wp-json\/wp\/v2\/pages\/300","targetHints":{"allow":["GET"]}}],"collection":[{"href":"https:\/\/teamtrackonline.com\/es\/wp-json\/wp\/v2\/pages"}],"about":[{"href":"https:\/\/teamtrackonline.com\/es\/wp-json\/wp\/v2\/types\/page"}],"author":[{"embeddable":true,"href":"https:\/\/teamtrackonline.com\/es\/wp-json\/wp\/v2\/users\/1"}],"replies":[{"embeddable":true,"href":"https:\/\/teamtrackonline.com\/es\/wp-json\/wp\/v2\/comments?post=300"}],"version-history":[{"count":5,"href":"https:\/\/teamtrackonline.com\/es\/wp-json\/wp\/v2\/pages\/300\/revisions"}],"predecessor-version":[{"id":364,"href":"https:\/\/teamtrackonline.com\/es\/wp-json\/wp\/v2\/pages\/300\/revisions\/364"}],"wp:attachment":[{"href":"https:\/\/teamtrackonline.com\/es\/wp-json\/wp\/v2\/media?parent=300"}],"curies":[{"name":"wp","href":"https:\/\/api.w.org\/{rel}","templated":true}]}}