{"id":229,"date":"2024-04-26T07:54:42","date_gmt":"2024-04-26T06:54:42","guid":{"rendered":"https:\/\/teamtrackonline.com\/es\/?page_id=229"},"modified":"2024-04-26T08:06:47","modified_gmt":"2024-04-26T07:06:47","slug":"organizadores-y-colaboradores","status":"publish","type":"page","link":"https:\/\/teamtrackonline.com\/es\/organizadores-y-colaboradores\/","title":{"rendered":"Organizadores y colaboradores"},"content":{"rendered":"\n<p>Hay muchos organizadores de viajes y rutas por todo el mundo que desde hace a\u00f1os utilizan nuestras apps y balizas de seguimiento y navegaci\u00f3n.<\/p>\n\n\n\n<p>Aqui os mostramos algunos de ellos.<\/p>\n\n\n\n<figure class=\"wp-block-gallery has-nested-images columns-4 wp-block-gallery-1 is-layout-flex wp-block-gallery-is-layout-flex\" style=\"padding-top:0;padding-right:0;padding-bottom:0;padding-left:0\">\n<figure class=\"wp-block-image size-large\"><img loading=\"lazy\" decoding=\"async\" width=\"70\" height=\"70\" data-id=\"244\" src=\"https:\/\/teamtrackonline.com\/es\/wp-content\/uploads\/2024\/04\/21270933_1678391632174129_3445313832162609817_n.jpg\" alt=\"\" class=\"wp-image-244\"\/><\/figure>\n\n\n\n<figure class=\"wp-block-image size-large\"><img loading=\"lazy\" decoding=\"async\" width=\"100\" height=\"46\" data-id=\"235\" src=\"https:\/\/teamtrackonline.com\/es\/wp-content\/uploads\/2024\/04\/10516644_683550258404922_2469651894165393754_n.jpg\" alt=\"\" class=\"wp-image-235\"\/><\/figure>\n\n\n\n<figure class=\"wp-block-image size-large\"><img loading=\"lazy\" decoding=\"async\" width=\"93\" height=\"54\" data-id=\"241\" src=\"https:\/\/teamtrackonline.com\/es\/wp-content\/uploads\/2024\/04\/2018-08-02_1044.png\" alt=\"\" class=\"wp-image-241\"\/><\/figure>\n\n\n\n<figure class=\"wp-block-image size-large\"><img loading=\"lazy\" decoding=\"async\" width=\"91\" height=\"68\" data-id=\"251\" src=\"https:\/\/teamtrackonline.com\/es\/wp-content\/uploads\/2024\/04\/logo-CAT_2015-1.jpg\" alt=\"\" class=\"wp-image-251\"\/><\/figure>\n\n\n\n<figure class=\"wp-block-image size-large\"><img loading=\"lazy\" decoding=\"async\" width=\"91\" height=\"91\" data-id=\"250\" src=\"https:\/\/teamtrackonline.com\/es\/wp-content\/uploads\/2024\/04\/28577263_1587580054628942_8791924503306268467_n.jpg\" alt=\"\" class=\"wp-image-250\"\/><\/figure>\n\n\n\n<figure class=\"wp-block-image size-large\"><img loading=\"lazy\" decoding=\"async\" width=\"78\" height=\"78\" data-id=\"246\" src=\"https:\/\/teamtrackonline.com\/es\/wp-content\/uploads\/2024\/04\/15037230_548942858633854_1620652270099876553_n.jpg\" alt=\"\" class=\"wp-image-246\"\/><\/figure>\n\n\n\n<figure class=\"wp-block-image size-large\"><img loading=\"lazy\" decoding=\"async\" width=\"67\" height=\"67\" data-id=\"230\" src=\"https:\/\/teamtrackonline.com\/es\/wp-content\/uploads\/2024\/04\/mg-RU7q7-1.jpg\" alt=\"\" class=\"wp-image-230\"\/><\/figure>\n\n\n\n<figure class=\"wp-block-image size-large\"><img loading=\"lazy\" decoding=\"async\" width=\"78\" height=\"56\" data-id=\"239\" src=\"https:\/\/teamtrackonline.com\/es\/wp-content\/uploads\/2024\/04\/image.jpg\" alt=\"\" class=\"wp-image-239\"\/><\/figure>\n\n\n\n<figure class=\"wp-block-image size-large\"><img loading=\"lazy\" decoding=\"async\" width=\"128\" height=\"63\" data-id=\"233\" src=\"https:\/\/teamtrackonline.com\/es\/wp-content\/uploads\/2024\/04\/hixpania-2016-e1489059789161-1.jpg\" alt=\"\" class=\"wp-image-233\"\/><\/figure>\n\n\n\n<figure class=\"wp-block-image size-large\"><img loading=\"lazy\" decoding=\"async\" width=\"118\" height=\"56\" data-id=\"232\" src=\"https:\/\/teamtrackonline.com\/es\/wp-content\/uploads\/2024\/04\/images-15.jpg\" alt=\"\" class=\"wp-image-232\"\/><\/figure>\n\n\n\n<figure class=\"wp-block-image size-large\"><img loading=\"lazy\" decoding=\"async\" width=\"126\" height=\"26\" data-id=\"231\" src=\"https:\/\/teamtrackonline.com\/es\/wp-content\/uploads\/2024\/04\/biachi-1.png\" alt=\"\" class=\"wp-image-231\"\/><\/figure>\n\n\n\n<figure class=\"wp-block-image size-full\"><img loading=\"lazy\" decoding=\"async\" width=\"411\" height=\"123\" data-id=\"252\" src=\"https:\/\/teamtrackonline.com\/es\/wp-content\/uploads\/2024\/04\/descarga.jpeg\" alt=\"\" class=\"wp-image-252\" srcset=\"https:\/\/teamtrackonline.com\/es\/wp-content\/uploads\/2024\/04\/descarga.jpeg 411w, https:\/\/teamtrackonline.com\/es\/wp-content\/uploads\/2024\/04\/descarga-300x90.jpeg 300w\" sizes=\"auto, (max-width: 411px) 100vw, 411px\" \/><\/figure>\n\n\n\n<figure class=\"wp-block-image size-large\"><img loading=\"lazy\" decoding=\"async\" width=\"80\" height=\"81\" data-id=\"243\" src=\"https:\/\/teamtrackonline.com\/es\/wp-content\/uploads\/2024\/04\/copa-espana-mototurismo-adventure-2019-1.png\" alt=\"\" class=\"wp-image-243\"\/><\/figure>\n\n\n\n<figure class=\"wp-block-image size-large\"><img loading=\"lazy\" decoding=\"async\" width=\"120\" height=\"40\" data-id=\"247\" src=\"https:\/\/teamtrackonline.com\/es\/wp-content\/uploads\/2024\/04\/4.png\" alt=\"\" class=\"wp-image-247\"\/><\/figure>\n\n\n\n<figure class=\"wp-block-image size-large\"><img loading=\"lazy\" decoding=\"async\" width=\"88\" height=\"90\" data-id=\"242\" src=\"https:\/\/teamtrackonline.com\/es\/wp-content\/uploads\/2024\/04\/mototurismo_Sevilla.jpg\" alt=\"\" class=\"wp-image-242\"\/><\/figure>\n\n\n\n<figure class=\"wp-block-image size-large\"><img loading=\"lazy\" decoding=\"async\" width=\"91\" height=\"64\" data-id=\"249\" src=\"https:\/\/teamtrackonline.com\/es\/wp-content\/uploads\/2024\/04\/Murcia_OffRoad_5cm.jpg\" alt=\"\" class=\"wp-image-249\"\/><\/figure>\n\n\n\n<figure class=\"wp-block-image size-large\"><img loading=\"lazy\" decoding=\"async\" width=\"86\" height=\"73\" data-id=\"248\" src=\"https:\/\/teamtrackonline.com\/es\/wp-content\/uploads\/2024\/04\/Adventure-Trail-Granada-6.png\" alt=\"\" class=\"wp-image-248\"\/><\/figure>\n\n\n\n<figure class=\"wp-block-image size-large\"><img loading=\"lazy\" decoding=\"async\" width=\"121\" height=\"50\" data-id=\"237\" src=\"https:\/\/teamtrackonline.com\/es\/wp-content\/uploads\/2024\/04\/teknisprotmotor.jpg\" alt=\"\" class=\"wp-image-237\"\/><\/figure>\n\n\n\n<figure class=\"wp-block-image size-large\"><img loading=\"lazy\" decoding=\"async\" width=\"140\" height=\"60\" data-id=\"234\" src=\"https:\/\/teamtrackonline.com\/es\/wp-content\/uploads\/2024\/04\/catalunya-1.jpg\" alt=\"\" class=\"wp-image-234\"\/><\/figure>\n\n\n\n<figure class=\"wp-block-image size-large\"><img loading=\"lazy\" decoding=\"async\" width=\"91\" height=\"19\" data-id=\"245\" src=\"https:\/\/teamtrackonline.com\/es\/wp-content\/uploads\/2024\/04\/4a050d_5f7467333b834ddeba2e78c86801d5fd_mv2.png\" alt=\"\" class=\"wp-image-245\"\/><\/figure>\n\n\n\n<figure class=\"wp-block-image size-large\"><img loading=\"lazy\" decoding=\"async\" width=\"116\" height=\"51\" data-id=\"238\" src=\"https:\/\/teamtrackonline.com\/es\/wp-content\/uploads\/2024\/04\/rmfe.jpg\" alt=\"\" class=\"wp-image-238\"\/><\/figure>\n\n\n\n<figure class=\"wp-block-image size-large\"><img loading=\"lazy\" decoding=\"async\" width=\"130\" height=\"57\" data-id=\"240\" src=\"https:\/\/teamtrackonline.com\/es\/wp-content\/uploads\/2024\/04\/MOTOCICLISMO-RALLY.jpg\" alt=\"\" class=\"wp-image-240\"\/><\/figure>\n\n\n\n<figure class=\"wp-block-image size-large\"><img loading=\"lazy\" decoding=\"async\" width=\"129\" height=\"36\" data-id=\"236\" src=\"https:\/\/teamtrackonline.com\/es\/wp-content\/uploads\/2024\/04\/16991630_1802935816399262_593160742216251971_o.jpg\" alt=\"\" class=\"wp-image-236\"\/><\/figure>\n<\/figure>\n\n\n\n<p>Si quieres organizar rutas con nuestras balizas o nuestras apps contacta con nosotros.<\/p>\n\n\n\n<div class=\"wp-block-buttons is-content-justification-center is-layout-flex wp-container-core-buttons-is-layout-a89b3969 wp-block-buttons-is-layout-flex\">\n<div class=\"wp-block-button\"><a class=\"wp-block-button__link wp-element-button\" href=\"https:\/\/teamtrackonline.com\/es\/contacta-con-nosotros\/\">Contacta con nosotros.<\/a><\/div>\n<\/div>\n\n\n\n<div class=\"wp-block-comments\">\n\n\n\n\n\n\t<div id=\"respond\" class=\"comment-respond wp-block-post-comments-form\">\n\t\t<h3 id=\"reply-title\" class=\"comment-reply-title\">Deja una respuesta <small><a rel=\"nofollow\" id=\"cancel-comment-reply-link\" href=\"\/es\/wp-json\/wp\/v2\/pages\/229#respond\" style=\"display:none;\">Cancelar la respuesta<\/a><\/small><\/h3><form action=\"https:\/\/teamtrackonline.com\/es\/wp-comments-post.php\" method=\"post\" id=\"commentform\" class=\"comment-form\"><p class=\"comment-notes\"><span id=\"email-notes\">Tu direcci\u00f3n de correo electr\u00f3nico no ser\u00e1 publicada.<\/span> <span class=\"required-field-message\">Los campos obligatorios est\u00e1n marcados con <span class=\"required\">*<\/span><\/span><\/p><p class=\"comment-form-comment\"><label for=\"comment\">Comentario <span class=\"required\">*<\/span><\/label> <textarea id=\"comment\" name=\"comment\" cols=\"45\" rows=\"8\" maxlength=\"65525\" required><\/textarea><\/p><p class=\"comment-form-author\"><label for=\"author\">Nombre <span class=\"required\">*<\/span><\/label> <input id=\"author\" name=\"author\" type=\"text\" value=\"\" size=\"30\" maxlength=\"245\" autocomplete=\"name\" required \/><\/p>\n<p class=\"comment-form-email\"><label for=\"email\">Correo electr\u00f3nico <span class=\"required\">*<\/span><\/label> <input id=\"email\" name=\"email\" type=\"email\" value=\"\" size=\"30\" maxlength=\"100\" aria-describedby=\"email-notes\" autocomplete=\"email\" required \/><\/p>\n<p class=\"comment-form-url\"><label for=\"url\">Web<\/label> <input id=\"url\" name=\"url\" type=\"url\" value=\"\" size=\"30\" maxlength=\"200\" autocomplete=\"url\" \/><\/p>\n<p class=\"form-submit wp-block-button\"><input name=\"submit\" type=\"submit\" id=\"submit\" class=\"wp-block-button__link wp-element-button\" value=\"Publicar el comentario\" \/> <input type='hidden' name='comment_post_ID' value='229' id='comment_post_ID' \/>\n<input type='hidden' name='comment_parent' id='comment_parent' value='0' \/>\n<\/p><\/form>\t<\/div><!-- #respond -->\n\t<\/div>\n","protected":false},"excerpt":{"rendered":"<p>Hay muchos organizadores de viajes y rutas por todo el mundo que desde hace a\u00f1os utilizan nuestras apps y balizas de seguimiento y navegaci\u00f3n. Aqui os mostramos algunos de ellos. Si quieres organizar rutas con nuestras balizas o nuestras apps contacta con nosotros.<\/p>\n","protected":false},"author":1,"featured_media":0,"parent":0,"menu_order":0,"comment_status":"open","ping_status":"closed","template":"","meta":{"footnotes":""},"class_list":["post-229","page","type-page","status-publish","hentry"],"_links":{"self":[{"href":"https:\/\/teamtrackonline.com\/es\/wp-json\/wp\/v2\/pages\/229","targetHints":{"allow":["GET"]}}],"collection":[{"href":"https:\/\/teamtrackonline.com\/es\/wp-json\/wp\/v2\/pages"}],"about":[{"href":"https:\/\/teamtrackonline.com\/es\/wp-json\/wp\/v2\/types\/page"}],"author":[{"embeddable":true,"href":"https:\/\/teamtrackonline.com\/es\/wp-json\/wp\/v2\/users\/1"}],"replies":[{"embeddable":true,"href":"https:\/\/teamtrackonline.com\/es\/wp-json\/wp\/v2\/comments?post=229"}],"version-history":[{"count":4,"href":"https:\/\/teamtrackonline.com\/es\/wp-json\/wp\/v2\/pages\/229\/revisions"}],"predecessor-version":[{"id":262,"href":"https:\/\/teamtrackonline.com\/es\/wp-json\/wp\/v2\/pages\/229\/revisions\/262"}],"wp:attachment":[{"href":"https:\/\/teamtrackonline.com\/es\/wp-json\/wp\/v2\/media?parent=229"}],"curies":[{"name":"wp","href":"https:\/\/api.w.org\/{rel}","templated":true}]}}