{"id":206,"date":"2024-04-25T14:21:47","date_gmt":"2024-04-25T13:21:47","guid":{"rendered":"https:\/\/teamtrackonline.com\/es\/?page_id=206"},"modified":"2024-04-26T08:04:31","modified_gmt":"2024-04-26T07:04:31","slug":"api","status":"publish","type":"page","link":"https:\/\/teamtrackonline.com\/es\/api\/","title":{"rendered":"API de integraci\u00f3n"},"content":{"rendered":"\n<p>\u00bf Quieres integrar tu app o dispositivo con nuestra plataforma ? Control de WayPoints, STOPS, SPEED, Regularidad y API Integraci\u00f3n?<\/p>\n\n\n\n<p style=\"font-size:clamp(0.875rem, 0.875rem + ((1vw - 0.2rem) * 0.708), 1.3rem);\"><strong><a href=\"#a\" data-type=\"internal\" data-id=\"#a\">A.&nbsp;Uso de WP en eventos<\/a><\/strong><\/p>\n\n\n\n<p style=\"font-size:clamp(0.875rem, 0.875rem + ((1vw - 0.2rem) * 0.708), 1.3rem);\"><a href=\"#b\"><strong>B. API de integraci\u00f3n enviar datos a TeamTrack<\/strong><\/a><\/p>\n\n\n\n<p style=\"font-size:clamp(0.875rem, 0.875rem + ((1vw - 0.2rem) * 0.708), 1.3rem);\"><a href=\"#c\"><strong>C.&nbsp;API de integraci\u00f3n obtener los datos de TeamTrack<\/strong><\/a><\/p>\n\n\n\n<hr class=\"wp-block-separator has-alpha-channel-opacity is-style-wide\" style=\"margin-top:var(--wp--preset--spacing--30);margin-bottom:var(--wp--preset--spacing--30)\"\/>\n\n\n\n<p id=\"a\"><strong>A. Uso de WP en eventos<\/strong><\/p>\n\n\n\n<p><strong>Como controlar la parada STOPs, la velocidad en zonas de velocidad controlada, paso por WP de control, WP para eventos de regularidad y WP varios.<\/strong><\/p>\n\n\n\n<p><strong>1. Control de parada en STOPS<\/strong><\/p>\n\n\n\n<p>Para controlar que los pilotos hacen los STOPs de al menos 1 segundo en los puntos deseados es tan sencillo como insertar en el GPX que se adjunta para la verificacion de la prueba unos WP con la siguiente estructura.<\/p>\n\n\n\n<p><em><strong>STOPX<\/strong><\/em><\/p>\n\n\n\n<p>El nombre del WP debe ser STOP en mayuscula seguido del numero de STOP.<\/p>\n\n\n\n<p>Ejemplo:<\/p>\n\n\n\n<p><strong><em>STOP1<\/em><\/strong>,<strong><em>STOP56<\/em><\/strong>, etc.<\/p>\n\n\n\n<p><strong>2. Control de velocidad maxima en zonas concretas<\/strong><\/p>\n\n\n\n<p>Se puede controlar que el piloto no excede la velocidad en zonas concretas, en el momento en el que un piloto excede la velocidad aunque solo sea una vez en un tramo ya se considera como tramo penalizado, el sistema indicar\u00e1 cuantas zonas de control de velocidad valido o penalizo. Si tiene por ejemplo 6 zonas de velocidad controlada y el piloto excede la velocidad en dos zonas marcaria como correctas 4 de 6 zonas.<\/p>\n\n\n\n<p>Para controlar que los pilotos no exceden la velocidad en zonas concretas hay que insertar en el GPX que se adjunta para la verificacion de la prueba unos WP con la siguiente estructura.<\/p>\n\n\n\n<p><strong><em>SPEED_XXX_T_NN<\/em><\/strong><\/p>\n\n\n\n<p><strong><em>XXX<\/em>&nbsp;<\/strong>= Velocidad. Valor numerico, digitos del 0 al 9 si son dos digitos introducir un 0 delante.<\/p>\n\n\n\n<p><strong><em>T<\/em><\/strong>&nbsp;= Tipo de Inicio o Fin de tramos. Opciones (I = inicio, F = Fin)<\/p>\n\n\n\n<p><strong><em>N<\/em><\/strong>&nbsp;= Numero del wp. Valor numerico, digitos del 0 al 9 si un digito introducir un 0 delante.<\/p>\n\n\n\n<p>Ejemplo:<\/p>\n\n\n\n<p><strong><em>SPEED_090_I_01<\/em><\/strong>&nbsp;( Inicio de tramo de control de velocidad a 90 )<\/p>\n\n\n\n<p><strong><em>SPEED_090_F_01<\/em><\/strong>&nbsp;( Fin de tramo de control de velocidad a 90 )<\/p>\n\n\n\n<p><strong>3. Control de paso por WPs<\/strong><\/p>\n\n\n\n<p>Se puede controlar que el piloto pasa por los WPs deseados, el sistema indicara por cual de los WP el piloto paso y lo validar\u00e1. Si por ejemplo el GPX tiene 256 WP y el piloto solo registro el paso por 232 el sistema marcaria como validados o correctos 232 de 256.<\/p>\n\n\n\n<p>Para ello&nbsp;es tan sencillo como insertar en el GPX que se adjunta para la verificacion de la prueba unos WP con la siguiente estructura.<\/p>\n\n\n\n<p><strong><em>CPXX<\/em><\/strong><\/p>\n\n\n\n<p>El nombre del WP debe empezar por CP en mayuscula seguido del numero de WP.<\/p>\n\n\n\n<p>Ejemplo:<\/p>\n\n\n\n<p><strong><em>CP1<\/em><\/strong>,<strong><em>CP34<\/em><\/strong>,etc<\/p>\n\n\n\n<p><strong>4. Control de paso por WP de eventos de regularidad<\/strong><\/p>\n\n\n\n<p>Se puede controlar que el piloto pasa por los WPs deseados a la hora deseada, el sistema indicara por cual de los WP el piloto paso dentro del tiempo de margen establecido y penalizar\u00e1 con la diferencia de tiempo.<\/p>\n\n\n\n<p>El sistema permite un rango de tiempo en el cual el piloto no tendra penalizacion, una penalizacion por cada segundo de retraso o anticipo y una penalizacion por no pasar por el WP<\/p>\n\n\n\n<p>Imaginemos un WP que tiene la hora de paso 1h 45min &nbsp;y 21 seg tras la salida del piloto y que el rango de tiempo de cortesia son 20 seg.<\/p>\n\n\n\n<p>Si el piloto pasa 1h 45 min y 15 seg tras su salida el sistema penalizara con 0 puntos al piloto.<\/p>\n\n\n\n<p>Para ello&nbsp;es tan sencillo como insertar en el GPX que se adjunta para la verificacion de la prueba unos WP con la siguiente estructura.<\/p>\n\n\n\n<p><strong><em><br>CPRXXXXX<\/em><\/strong><\/p>\n\n\n\n<p>El nombre del WP debe empezar por CPR en mayuscula seguido de los segundos a los que debe pasar el piloto por el WP tras su salida.<\/p>\n\n\n\n<p><strong><em>XXXXX<\/em>&nbsp;<\/strong>= segundos. Valor numerico, digitos del 0 al 9 si no se llega a los cinco digitos introducir un 0 delante.<\/p>\n\n\n\n<p>Ejemplo:<\/p>\n\n\n\n<p><strong><em>CPR00034&nbsp;<\/em><\/strong>= Wp de control de regularidad, el piloto debe pasar por el 34 segundos tras su salida<\/p>\n\n\n\n<p><strong><em>CPR02421<\/em><\/strong>= Wp de control de regularidad, el piloto debe pasar por el&nbsp;<em>2421<\/em>&nbsp;segundos tras su salida<\/p>\n\n\n\n<p><strong>5. WP varios<\/strong><\/p>\n\n\n\n<p>Se insertar WP informativos en el mapa para la web de seguimiento.&nbsp;Para ello&nbsp;es tan sencillo como insertar en el GPX que se adjunta para la verificacion de la prueba unos WP con la siguiente estructura.<\/p>\n\n\n\n<p>Cualquier nombre de WP que no comience con los WP indicados anteriormente, es decir que no empiecen por SPEED, STOP, CP \u00f3 CPR.<\/p>\n\n\n\n<hr class=\"wp-block-separator has-alpha-channel-opacity is-style-wide\" style=\"margin-top:var(--wp--preset--spacing--30);margin-bottom:var(--wp--preset--spacing--30)\"\/>\n\n\n\n<p id=\"b\"><strong>B. API de integraci\u00f3n enviar datos a TeamTrack<\/strong><\/p>\n\n\n\n<p>\u00bf Quieres integrar tu app o dispositivo con nuestra plataforma ?<\/p>\n\n\n\n<p>Solicitanos la documentaci\u00f3n y te explicamos como hacerlo facilmente.<\/p>\n\n\n\n<p>Podr\u00e1s enviarnos desde tu app o dispositivo los datos a nuestra plataforma para poder ubicarlos en nuestros mapas usando todas nuestras funciones y de forma gratuita.<\/p>\n\n\n\n<figure class=\"wp-block-image size-full\"><img loading=\"lazy\" decoding=\"async\" width=\"910\" height=\"424\" src=\"https:\/\/teamtrackonline.com\/es\/wp-content\/uploads\/2024\/04\/api2.png\" alt=\"\" class=\"wp-image-209\" srcset=\"https:\/\/teamtrackonline.com\/es\/wp-content\/uploads\/2024\/04\/api2.png 910w, https:\/\/teamtrackonline.com\/es\/wp-content\/uploads\/2024\/04\/api2-300x140.png 300w, https:\/\/teamtrackonline.com\/es\/wp-content\/uploads\/2024\/04\/api2-768x358.png 768w\" sizes=\"auto, (max-width: 910px) 100vw, 910px\" \/><\/figure>\n\n\n\n<p>Se realiza mediante un protocolo HTTP GET con la siguiente estructura:<\/p>\n\n\n\n<pre class=\"wp-block-code alignwide has-small-font-size\"><code>https:&#47;&#47;www.teamtrackonline.com\/gestion\/inputs\/input.php?lat=latitud&amp;lon=longitud&amp;speed=velocidad&amp;datetime=datetime&amp;altitude=altitud&amp;battery=bateria&amp;usuario_tt=id_usuario_tt&amp;key_api=key<\/code><\/pre>\n\n\n\n<p><strong>Ejemplos de valores:<\/strong><\/p>\n\n\n\n<p><em>latitud<\/em>: 22.54596 (obligatorio)<\/p>\n\n\n\n<p><em>longitud<\/em>: 113.94389 (obligatorio)<\/p>\n\n\n\n<p><em>velocidad<\/em>: 23.56<\/p>\n\n\n\n<p><em>datetime<\/em>: 2018\/12\/04Z08:39:03 (obligatorio)<\/p>\n\n\n\n<p><em>altitud:<\/em>&nbsp;128<\/p>\n\n\n\n<p><em>bateria:<\/em>&nbsp;95<\/p>\n\n\n\n<p><em>id_usuario_tt<\/em>: 1285&nbsp;(obligatorio)<\/p>\n\n\n\n<p><em>key_api<\/em>: fwf3gSgry436736assgsS (obligatorio)<\/p>\n\n\n\n<p>Enviando la ubicaci\u00f3n desde tu app o dispositivo a nuestra plataforma podr\u00e1s usar como hasta ahora las webs de seguimiento de TeamTrack. Asi como el historico de movimientos, ver la ubicaci\u00f3n enviada desde el app de TeamTrack en dispositivos iOS y Android, etc &#8230;<\/p>\n\n\n\n<p><strong>Formato de consultas:<\/strong><\/p>\n\n\n\n<figure class=\"wp-block-image alignwide size-large\"><img loading=\"lazy\" decoding=\"async\" width=\"1024\" height=\"847\" src=\"https:\/\/teamtrackonline.com\/es\/wp-content\/uploads\/2024\/04\/Captura-de-pantalla-2024-04-25-a-las-15.29.02-1024x847.png\" alt=\"\" class=\"wp-image-210\" srcset=\"https:\/\/teamtrackonline.com\/es\/wp-content\/uploads\/2024\/04\/Captura-de-pantalla-2024-04-25-a-las-15.29.02-1024x847.png 1024w, https:\/\/teamtrackonline.com\/es\/wp-content\/uploads\/2024\/04\/Captura-de-pantalla-2024-04-25-a-las-15.29.02-300x248.png 300w, https:\/\/teamtrackonline.com\/es\/wp-content\/uploads\/2024\/04\/Captura-de-pantalla-2024-04-25-a-las-15.29.02-768x636.png 768w, https:\/\/teamtrackonline.com\/es\/wp-content\/uploads\/2024\/04\/Captura-de-pantalla-2024-04-25-a-las-15.29.02-1536x1271.png 1536w, https:\/\/teamtrackonline.com\/es\/wp-content\/uploads\/2024\/04\/Captura-de-pantalla-2024-04-25-a-las-15.29.02.png 1694w\" sizes=\"auto, (max-width: 1024px) 100vw, 1024px\" \/><\/figure>\n\n\n\n<p><strong>Respuestas:<\/strong><\/p>\n\n\n\n<p>OK&nbsp;&#8211;&nbsp;<em>Informacion recibida<\/em><\/p>\n\n\n\n<p>Error&nbsp;&#8211;&nbsp;<em>Error en la informacion adjuntada. Revisar los datos enviados.<\/em><\/p>\n\n\n\n<hr class=\"wp-block-separator has-alpha-channel-opacity is-style-wide\" style=\"margin-top:var(--wp--preset--spacing--20);margin-bottom:var(--wp--preset--spacing--20)\"\/>\n\n\n\n<p id=\"c\"><strong>C. API de integraci\u00f3n obtener los datos de TeamTrack<\/strong><\/p>\n\n\n\n<p>\u00bf Quieres sacar los datos de nuestra plataforma para gestionarlos o mostrarlos ?<\/p>\n\n\n\n<p>Solicitanos la documentaci\u00f3n y te explicamos como hacerlo facilmente.<\/p>\n\n\n\n<p>Existes distintas consultas:<\/p>\n\n\n\n<p><strong>1. Consulta de datos de participantes apuntados a un evento<\/strong><\/p>\n\n\n\n<p>Se realiza mediante un protocolo HTTP GET con la siguiente estructura:<\/p>\n\n\n\n<pre class=\"wp-block-code\"><code>https:&#47;&#47;www.teamtrackonline.com\/dka\/existe.php?action=participants&amp;race_id=race_id&amp;api_key=key_api  <\/code><\/pre>\n\n\n\n<p><strong>Ejemplos de valores:<\/strong><\/p>\n\n\n\n<p><em>race_id<\/em>: 365 (obligatorio) &#8211;&nbsp;Id del evento<\/p>\n\n\n\n<p><em>key_api<\/em>:&nbsp;<em>At7ZKBEPqLE3G4w4MPWFidOlw4kjuX&nbsp;<\/em>(obligatorio)<\/p>\n\n\n\n<p>Ejemplo de consulta:<\/p>\n\n\n\n<pre class=\"wp-block-code\"><code>https:&#47;&#47;www.teamtrackonline.com\/dka\/existe.php?action=participants&amp;race_id=365&amp;api_key=At7ZKBEPqLE3G4w4MPWFidOlw4kjuX<\/code><\/pre>\n\n\n\n<p>Al realizar la consulta el sistema responde con la informacion de los participantes al evento con los siguientes datos:<\/p>\n\n\n\n<pre class=\"wp-block-preformatted\">[<\/pre>\n\n\n\n<pre class=\"wp-block-preformatted has-small-font-size\">{\"nombre_usuario\":\"Piloto 1 \",\"num_dorsal\":\"1\",\"ultima_actualizacion\":\"2021-03-17 09:14:46\",\"lat\":\"37.425678\",\"lon\":\"-2.972899\",\"vel\":\"43.1\",\"alt\":\"1206.6\",\"bateria\":\"63 %\"},<\/pre>\n\n\n\n<pre class=\"wp-block-preformatted has-small-font-size\">{\"nombre_usuario\":\"Piloto 2 \",\"num_dorsal\":\"2\",\"ultima_actualizacion\":\"2021-03-17 09:14:36\",\"lat\":\"37.423009\",\"lon\":\"-2.970436\",\"vel\":\"55.4\",\"alt\":\"1226.5\",\"bateria\":\"58 %\"},<\/pre>\n\n\n\n<pre class=\"wp-block-preformatted has-small-font-size\">{\"nombre_usuario\":\"Piloto 3 \",\"num_dorsal\":\"3\",\"ultima_actualizacion\":\"2021-03-17 09:14:47\",\"lat\":\"37.422543\",\"lon\":\"-2.980097\",\"vel\":\"28.7\",\"alt\":\"1182.5\",\"bateria\":\"96 %\"},<\/pre>\n\n\n\n<pre class=\"wp-block-preformatted has-small-font-size\">{\"nombre_usuario\":\"Piloto 4 \",\"num_dorsal\":\"4\",\"ultima_actualizacion\":\"2021-03-17 09:14:26\",\"lat\":\"37.434076\",\"lon\":\"-2.999814\",\"vel\":\"82.3\",\"alt\":\"1115.1\",\"bateria\":\"55 %\"},<\/pre>\n\n\n\n<pre class=\"wp-block-preformatted has-small-font-size\">{\"nombre_usuario\":\"Piloto 5 \",\"num_dorsal\":\"5\",\"ultima_actualizacion\":\"2021-03-17 09:14:45\",\"lat\":\"37.425076\",\"lon\":\"-2.994982\",\"vel\":\"39.1\",\"alt\":\"1113.0\",\"bateria\":\"62 %\"},<\/pre>\n\n\n\n<pre class=\"wp-block-preformatted has-small-font-size\">{\"nombre_usuario\":\"Piloto 5 \",\"num_dorsal\":\"R\",\"ultima_actualizacion\":\"2021-03-17 09:14:47\",\"lat\":\"37.485225\",\"lon\":\"-3.032848\",\"vel\":\"27.0\",\"alt\":\"1000.5\",\"bateria\":\"100 %\"}<\/pre>\n\n\n\n<pre class=\"wp-block-preformatted\">]<\/pre>\n\n\n\n<p><strong>2. Consulta del recorrido de un participante en un intervalo de tiempo<\/strong><br>Se realiza mediante un protocolo HTTP GET con la siguiente estructura:<\/p>\n\n\n\n<pre class=\"wp-block-code\"><code>http:&#47;&#47;www.teamtrackonline.com\/dka\/existe.php?action=participant_route&amp;race_id=race_id&amp;num_dorsal=num_dorsal&amp;date_time_ini=date_time_ini&amp;date_time_fin=date_time_fin&amp;api_key=key_api\n<\/code><\/pre>\n\n\n\n<p><strong>Ejemplos de valores:<\/strong><\/p>\n\n\n\n<p><em>race_id<\/em>: 365 (obligatorio) Id del evento<\/p>\n\n\n\n<p><em>num,_dorsal<\/em>: 1 (obligatorio) Numero de dorsal del piloto<\/p>\n\n\n\n<p><em>date_time_ini<\/em>: 2020\/12\/04Z08:30:00 (obligatorio) Fecha y hora desde donde se mostraran los registros del piloto<\/p>\n\n\n\n<p><em>date_time_fin<\/em>: 2020\/12\/04Z19:30:00 (obligatorio) Fecha y hora hasta donde se mostraran los registros del piloto<\/p>\n\n\n\n<p><em>backup_gps<\/em>: 1 \u00f3 0 (opcional)1 Envia informacion de la baliza backup, 0 envia informacion de baliza principal, por defecto se envia la informacion de la baliza principal<\/p>\n\n\n\n<p><em>key_api<\/em>: <em>At7ZKBEPqLE3G4w4MPWFidOlw4kjuX <\/em>(obligatorio)<br><\/p>\n\n\n\n<p>Ejemplo de consulta:<\/p>\n\n\n\n<pre class=\"wp-block-preformatted\"><em>https:\/\/www.teamtrackonline.com\/dka\/existe.php?action=<\/em>participant_route&amp;race_id=<em>365<\/em>&amp;num_dorsal=<em>3<\/em>&amp;date_time_ini=<em>2021-03-17Z08:04:00<\/em>&amp;date_time_fin=<em>2021-03-17Z08:04:55<\/em><em>&amp;api_key=At7ZKBEPqLE3G4w4MPWFidOlw4kjuX<\/em>  <\/pre>\n\n\n\n<div class=\"wp-block-group is-nowrap is-layout-flex wp-container-core-group-is-layout-6c531013 wp-block-group-is-layout-flex\">\n<p>Al realizar la consulta el sistema responde con la informacion de los participantes al evento con los siguientes datos:<\/p>\n\n\n\n<p><br><br><br><br><\/p>\n<\/div>\n\n\n\n<pre class=\"wp-block-preformatted has-small-font-size\">[<br>{\"usuario\":\"3901\",\"lat\":\"37.294017\",\"lon\":\"-3.167673\",\"alt\":\"985.0\",\"vel\":\"0.2\",\"bearing\":\"27\",\"GNSS_AC\":\"1\",\"fecha\":\"2021-03-17 08:04:01\"},<br>{\"usuario\":\"3901\",\"lat\":\"37.294017\",\"lon\":\"-3.167673\",\"alt\":\"985.0\",\"vel\":\"0.0\",\"bearing\":\"27\",\"GNSS_AC\":\"1\",\"fecha\":\"2021-03-17 08:04:03\"},<br>{\"usuario\":\"3901\",\"lat\":\"37.294017\",\"lon\":\"-3.167673\",\"alt\":\"985.0\",\"vel\":\"0.0\",\"bearing\":\"27\",\"GNSS_AC\":\"1\",\"fecha\":\"2021-03-17 08:04:05\"},<br>{\"usuario\":\"3901\",\"lat\":\"37.294017\",\"lon\":\"-3.167673\",\"alt\":\"985.0\",\"vel\":\"0.0\",\"bearing\":\"27\",\"GNSS_AC\":\"1\",\"fecha\":\"2021-03-17 08:04:07\"},<br>{\"usuario\":\"3901\",\"lat\":\"37.294017\",\"lon\":\"-3.167673\",\"alt\":\"985.0\",\"vel\":\"0.0\",\"bearing\":\"27\",\"GNSS_AC\":\"1\",\"fecha\":\"2021-03-17 08:04:09\"},<br>{\"usuario\":\"3901\",\"lat\":\"37.294017\",\"lon\":\"-3.167673\",\"alt\":\"985.0\",\"vel\":\"0.0\",\"bearing\":\"27\",\"GNSS_AC\":\"1\",\"fecha\":\"2021-03-17 08:04:11\"},<br>{\"usuario\":\"3901\",\"lat\":\"37.294017\",\"lon\":\"-3.167673\",\"alt\":\"985.0\",\"vel\":\"0.0\",\"bearing\":\"27\",\"GNSS_AC\":\"1\",\"fecha\":\"2021-03-17 08:04:13\"},<br>{\"usuario\":\"3901\",\"lat\":\"37.294017\",\"lon\":\"-3.167673\",\"alt\":\"985.0\",\"vel\":\"0.0\",\"bearing\":\"27\",\"GNSS_AC\":\"1\",\"fecha\":\"2021-03-17 08:04:15\"},<br>{\"usuario\":\"3901\",\"lat\":\"37.294017\",\"lon\":\"-3.167673\",\"alt\":\"985.0\",\"vel\":\"0.0\",\"bearing\":\"27\",\"GNSS_AC\":\"1\",\"fecha\":\"2021-03-17 08:04:17\"},<br>{\"usuario\":\"3901\",\"lat\":\"37.294017\",\"lon\":\"-3.167673\",\"alt\":\"985.0\",\"vel\":\"0.0\",\"bearing\":\"27\",\"GNSS_AC\":\"1\",\"fecha\":\"2021-03-17 08:04:19\"},<br>{\"usuario\":\"3901\",\"lat\":\"37.294017\",\"lon\":\"-3.167673\",\"alt\":\"985.0\",\"vel\":\"0.0\",\"bearing\":\"27\",\"GNSS_AC\":\"1\",\"fecha\":\"2021-03-17 08:04:21\"},<br>{\"usuario\":\"3901\",\"lat\":\"37.294017\",\"lon\":\"-3.167673\",\"alt\":\"985.0\",\"vel\":\"0.0\",\"bearing\":\"27\",\"GNSS_AC\":\"1\",\"fecha\":\"2021-03-17 08:04:23\"},<br>{\"usuario\":\"3901\",\"lat\":\"37.294017\",\"lon\":\"-3.167673\",\"alt\":\"985.0\",\"vel\":\"0.0\",\"bearing\":\"27\",\"GNSS_AC\":\"1\",\"fecha\":\"2021-03-17 08:04:25\"},<br>{\"usuario\":\"3901\",\"lat\":\"37.294017\",\"lon\":\"-3.167673\",\"alt\":\"985.0\",\"vel\":\"0.0\",\"bearing\":\"27\",\"GNSS_AC\":\"1\",\"fecha\":\"2021-03-17 08:04:27\"},<br>{\"usuario\":\"3901\",\"lat\":\"37.294017\",\"lon\":\"-3.167673\",\"alt\":\"985.0\",\"vel\":\"0.0\",\"bearing\":\"27\",\"GNSS_AC\":\"1\",\"fecha\":\"2021-03-17 08:04:29\"},<br>{\"usuario\":\"3901\",\"lat\":\"37.294017\",\"lon\":\"-3.167673\",\"alt\":\"985.0\",\"vel\":\"0.0\",\"bearing\":\"27\",\"GNSS_AC\":\"1\",\"fecha\":\"2021-03-17 08:04:31\"},<br>{\"usuario\":\"3901\",\"lat\":\"37.294017\",\"lon\":\"-3.167673\",\"alt\":\"985.0\",\"vel\":\"0.0\",\"bearing\":\"27\",\"GNSS_AC\":\"1\",\"fecha\":\"2021-03-17 08:04:33\"},<br>{\"usuario\":\"3901\",\"lat\":\"37.294017\",\"lon\":\"-3.167673\",\"alt\":\"985.0\",\"vel\":\"0.0\",\"bearing\":\"27\",\"GNSS_AC\":\"1\",\"fecha\":\"2021-03-17 08:04:35\"},<br>{\"usuario\":\"3901\",\"lat\":\"37.294017\",\"lon\":\"-3.167673\",\"alt\":\"985.0\",\"vel\":\"0.0\",\"bearing\":\"27\",\"GNSS_AC\":\"1\",\"fecha\":\"2021-03-17 08:04:37\"},<br>{\"usuario\":\"3901\",\"lat\":\"37.294017\",\"lon\":\"-3.167673\",\"alt\":\"985.0\",\"vel\":\"0.0\",\"bearing\":\"27\",\"GNSS_AC\":\"1\",\"fecha\":\"2021-03-17 08:04:39\"},<br>{\"usuario\":\"3901\",\"lat\":\"37.294038\",\"lon\":\"-3.167659\",\"alt\":\"985.2\",\"vel\":\"8.7\",\"bearing\":\"18\",\"GNSS_AC\":\"1\",\"fecha\":\"2021-03-17 08:04:41\"},<br>{\"usuario\":\"3901\",\"lat\":\"37.294060\",\"lon\":\"-3.167653\",\"alt\":\"985.0\",\"vel\":\"3.4\",\"bearing\":\"10\",\"GNSS_AC\":\"1\",\"fecha\":\"2021-03-17 08:04:43\"},<br>{\"usuario\":\"3901\",\"lat\":\"37.294066\",\"lon\":\"-3.167652\",\"alt\":\"984.6\",\"vel\":\"0.5\",\"bearing\":\"10\",\"GNSS_AC\":\"1\",\"fecha\":\"2021-03-17 08:04:45\"},<br>{\"usuario\":\"3901\",\"lat\":\"37.294066\",\"lon\":\"-3.167652\",\"alt\":\"984.7\",\"vel\":\"0.0\",\"bearing\":\"10\",\"GNSS_AC\":\"1\",\"fecha\":\"2021-03-17 08:04:47\"},<br>{\"usuario\":\"3901\",\"lat\":\"37.294066\",\"lon\":\"-3.167652\",\"alt\":\"984.7\",\"vel\":\"0.0\",\"bearing\":\"10\",\"GNSS_AC\":\"1\",\"fecha\":\"2021-03-17 08:04:49\"},<br>{\"usuario\":\"3901\",\"lat\":\"37.294066\",\"lon\":\"-3.167652\",\"alt\":\"984.7\",\"vel\":\"0.0\",\"bearing\":\"10\",\"GNSS_AC\":\"1\",\"fecha\":\"2021-03-17 08:04:53\"},<br>{\"usuario\":\"3901\",\"lat\":\"37.294066\",\"lon\":\"-3.167652\",\"alt\":\"984.7\",\"vel\":\"0.0\",\"bearing\":\"10\",\"GNSS_AC\":\"1\",\"fecha\":\"2021-03-17 08:04:55\"},<br>]<\/pre>\n\n\n\n<hr class=\"wp-block-separator has-alpha-channel-opacity is-style-wide\" style=\"margin-top:var(--wp--preset--spacing--30);margin-bottom:var(--wp--preset--spacing--30)\"\/>\n\n\n\n<p class=\"has-text-align-center has-large-font-size\">\u00bf Tienes dudas ? <\/p>\n\n\n\n<div class=\"wp-block-buttons is-content-justification-center is-layout-flex wp-container-core-buttons-is-layout-a89b3969 wp-block-buttons-is-layout-flex\">\n<div class=\"wp-block-button\"><a class=\"wp-block-button__link wp-element-button\" href=\"https:\/\/teamtrackonline.com\/es\/contacta-con-nosotros\/\">Contactanos<\/a><\/div>\n<\/div>\n\n\n\n<div class=\"wp-block-comments\">\n\n\n\n\n\n\t<div id=\"respond\" class=\"comment-respond wp-block-post-comments-form\">\n\t\t<h3 id=\"reply-title\" class=\"comment-reply-title\">Deja una respuesta <small><a rel=\"nofollow\" id=\"cancel-comment-reply-link\" href=\"\/es\/wp-json\/wp\/v2\/pages\/206#respond\" style=\"display:none;\">Cancelar la respuesta<\/a><\/small><\/h3><form action=\"https:\/\/teamtrackonline.com\/es\/wp-comments-post.php\" method=\"post\" id=\"commentform\" class=\"comment-form\"><p class=\"comment-notes\"><span id=\"email-notes\">Tu direcci\u00f3n de correo electr\u00f3nico no ser\u00e1 publicada.<\/span> <span class=\"required-field-message\">Los campos obligatorios est\u00e1n marcados con <span class=\"required\">*<\/span><\/span><\/p><p class=\"comment-form-comment\"><label for=\"comment\">Comentario <span class=\"required\">*<\/span><\/label> <textarea id=\"comment\" name=\"comment\" cols=\"45\" rows=\"8\" maxlength=\"65525\" required><\/textarea><\/p><p class=\"comment-form-author\"><label for=\"author\">Nombre <span class=\"required\">*<\/span><\/label> <input id=\"author\" name=\"author\" type=\"text\" value=\"\" size=\"30\" maxlength=\"245\" autocomplete=\"name\" required \/><\/p>\n<p class=\"comment-form-email\"><label for=\"email\">Correo electr\u00f3nico <span class=\"required\">*<\/span><\/label> <input id=\"email\" name=\"email\" type=\"email\" value=\"\" size=\"30\" maxlength=\"100\" aria-describedby=\"email-notes\" autocomplete=\"email\" required \/><\/p>\n<p class=\"comment-form-url\"><label for=\"url\">Web<\/label> <input id=\"url\" name=\"url\" type=\"url\" value=\"\" size=\"30\" maxlength=\"200\" autocomplete=\"url\" \/><\/p>\n<p class=\"form-submit wp-block-button\"><input name=\"submit\" type=\"submit\" id=\"submit\" class=\"wp-block-button__link wp-element-button\" value=\"Publicar el comentario\" \/> <input type='hidden' name='comment_post_ID' value='206' id='comment_post_ID' \/>\n<input type='hidden' name='comment_parent' id='comment_parent' value='0' \/>\n<\/p><\/form>\t<\/div><!-- #respond -->\n\t<\/div>\n","protected":false},"excerpt":{"rendered":"<p>\u00bf Quieres integrar tu app o dispositivo con nuestra plataforma ? Control de WayPoints, STOPS, SPEED, Regularidad y API Integraci\u00f3n? A.&nbsp;Uso de WP en eventos B. API de integraci\u00f3n enviar datos a TeamTrack C.&nbsp;API de integraci\u00f3n obtener los datos de TeamTrack A. Uso de WP en eventos Como controlar la parada STOPs, la velocidad en [&hellip;]<\/p>\n","protected":false},"author":1,"featured_media":0,"parent":0,"menu_order":0,"comment_status":"open","ping_status":"closed","template":"","meta":{"footnotes":""},"class_list":["post-206","page","type-page","status-publish","hentry"],"_links":{"self":[{"href":"https:\/\/teamtrackonline.com\/es\/wp-json\/wp\/v2\/pages\/206","targetHints":{"allow":["GET"]}}],"collection":[{"href":"https:\/\/teamtrackonline.com\/es\/wp-json\/wp\/v2\/pages"}],"about":[{"href":"https:\/\/teamtrackonline.com\/es\/wp-json\/wp\/v2\/types\/page"}],"author":[{"embeddable":true,"href":"https:\/\/teamtrackonline.com\/es\/wp-json\/wp\/v2\/users\/1"}],"replies":[{"embeddable":true,"href":"https:\/\/teamtrackonline.com\/es\/wp-json\/wp\/v2\/comments?post=206"}],"version-history":[{"count":3,"href":"https:\/\/teamtrackonline.com\/es\/wp-json\/wp\/v2\/pages\/206\/revisions"}],"predecessor-version":[{"id":259,"href":"https:\/\/teamtrackonline.com\/es\/wp-json\/wp\/v2\/pages\/206\/revisions\/259"}],"wp:attachment":[{"href":"https:\/\/teamtrackonline.com\/es\/wp-json\/wp\/v2\/media?parent=206"}],"curies":[{"name":"wp","href":"https:\/\/api.w.org\/{rel}","templated":true}]}}