{"id":200,"date":"2024-04-25T14:12:40","date_gmt":"2024-04-25T13:12:40","guid":{"rendered":"https:\/\/teamtrackonline.com\/es\/?page_id=200"},"modified":"2024-04-26T08:05:15","modified_gmt":"2024-04-26T07:05:15","slug":"alquiler-de-balizas-de-seguimiento","status":"publish","type":"page","link":"https:\/\/teamtrackonline.com\/es\/alquiler-de-balizas-de-seguimiento\/","title":{"rendered":"Alquiler de balizas de seguimiento"},"content":{"rendered":"\n<p>Disponemos de balizas de seguimiento en alquiler para eventos ( motos, 4&#215;4, bicicleta, n\u00e1utica, trail, etc&#8230;)<\/p>\n\n\n\n<p>Validas para funcionar en casi todo el mundo. Con cobertura GSM.<\/p>\n\n\n\n<p>Disponemos de modelo con y sin bot\u00f3n de SOS.<\/p>\n\n\n\n<p>Capaces de emitir desde cada 1 segundo hasta cada 30 min, configurable para cada evento.<\/p>\n\n\n\n<p>Con web de seguimiento a tiempo real valida para ordenadores, tablets y smartphones.<\/p>\n\n\n\n<p>Opci\u00f3n de grabar el recorrido para:<\/p>\n\n\n\n<ul class=\"wp-block-list\">\n<li>Comparaci\u00f3n de recorrido del piloto con el de la prueba.<\/li>\n\n\n\n<li>Comprobaci\u00f3n de paso por Waypoints de control.<\/li>\n\n\n\n<li>Comprobaci\u00f3n de zonas de velocidad controlada.<\/li>\n\n\n\n<li>Comprobaci\u00f3n de parada en Stops.<\/li>\n\n\n\n<li>Calculo de km totales y km entre dos Waypoints definidos.<\/li>\n\n\n\n<li>Control de regularidad con horas y velocidad de paso en puntos de control.<\/li>\n<\/ul>\n\n\n\n<div class=\"wp-block-columns is-layout-flex wp-container-core-columns-is-layout-28f84493 wp-block-columns-is-layout-flex\">\n<div class=\"wp-block-column is-layout-flow wp-block-column-is-layout-flow\">\n<figure class=\"wp-block-image size-large is-resized\"><img loading=\"lazy\" decoding=\"async\" width=\"706\" height=\"1024\" src=\"https:\/\/teamtrackonline.com\/es\/wp-content\/uploads\/2024\/04\/pegatina-baliza_sola-706x1024.png\" alt=\"\" class=\"wp-image-201\" style=\"width:164px;height:auto\" srcset=\"https:\/\/teamtrackonline.com\/es\/wp-content\/uploads\/2024\/04\/pegatina-baliza_sola-706x1024.png 706w, https:\/\/teamtrackonline.com\/es\/wp-content\/uploads\/2024\/04\/pegatina-baliza_sola-207x300.png 207w, https:\/\/teamtrackonline.com\/es\/wp-content\/uploads\/2024\/04\/pegatina-baliza_sola-768x1113.png 768w, https:\/\/teamtrackonline.com\/es\/wp-content\/uploads\/2024\/04\/pegatina-baliza_sola.png 870w\" sizes=\"auto, (max-width: 706px) 100vw, 706px\" \/><\/figure>\n<\/div>\n\n\n\n<div class=\"wp-block-column is-layout-flow wp-block-column-is-layout-flow\">\n<figure class=\"wp-block-image size-full is-resized\"><img loading=\"lazy\" decoding=\"async\" width=\"461\" height=\"887\" src=\"https:\/\/teamtrackonline.com\/es\/wp-content\/uploads\/2024\/04\/BALIZAG.png\" alt=\"\" class=\"wp-image-202\" style=\"width:123px;height:auto\" srcset=\"https:\/\/teamtrackonline.com\/es\/wp-content\/uploads\/2024\/04\/BALIZAG.png 461w, https:\/\/teamtrackonline.com\/es\/wp-content\/uploads\/2024\/04\/BALIZAG-156x300.png 156w\" sizes=\"auto, (max-width: 461px) 100vw, 461px\" \/><\/figure>\n<\/div>\n<\/div>\n\n\n\n<p>Con cobertura en casi todo el mundo<\/p>\n\n\n\n<figure class=\"wp-block-image alignwide size-large\"><img loading=\"lazy\" decoding=\"async\" width=\"1024\" height=\"731\" src=\"https:\/\/teamtrackonline.com\/es\/wp-content\/uploads\/2024\/04\/320251879_811887749905170_5380429629876348367_n-1-1024x731.jpg\" alt=\"\" class=\"wp-image-203\" srcset=\"https:\/\/teamtrackonline.com\/es\/wp-content\/uploads\/2024\/04\/320251879_811887749905170_5380429629876348367_n-1-1024x731.jpg 1024w, https:\/\/teamtrackonline.com\/es\/wp-content\/uploads\/2024\/04\/320251879_811887749905170_5380429629876348367_n-1-300x214.jpg 300w, https:\/\/teamtrackonline.com\/es\/wp-content\/uploads\/2024\/04\/320251879_811887749905170_5380429629876348367_n-1-768x548.jpg 768w, https:\/\/teamtrackonline.com\/es\/wp-content\/uploads\/2024\/04\/320251879_811887749905170_5380429629876348367_n-1-1536x1097.jpg 1536w, https:\/\/teamtrackonline.com\/es\/wp-content\/uploads\/2024\/04\/320251879_811887749905170_5380429629876348367_n-1.jpg 2048w\" sizes=\"auto, (max-width: 1024px) 100vw, 1024px\" \/><\/figure>\n\n\n\n<p class=\"has-text-align-center has-medium-font-size\"><strong>Contacta con nosotros para precios y disponibilidad<\/strong><\/p>\n\n\n\n<div class=\"wp-block-buttons is-content-justification-center is-layout-flex wp-container-core-buttons-is-layout-a89b3969 wp-block-buttons-is-layout-flex\">\n<div class=\"wp-block-button\"><a class=\"wp-block-button__link has-text-align-center wp-element-button\" href=\"https:\/\/teamtrackonline.com\/es\/contacta-con-nosotros\/\">Contactar<\/a><\/div>\n<\/div>\n\n\n\n<div class=\"wp-block-comments\">\n\n\n\n\n\n\t<div id=\"respond\" class=\"comment-respond wp-block-post-comments-form\">\n\t\t<h3 id=\"reply-title\" class=\"comment-reply-title\">Deja una respuesta <small><a rel=\"nofollow\" id=\"cancel-comment-reply-link\" href=\"\/es\/wp-json\/wp\/v2\/pages\/200#respond\" style=\"display:none;\">Cancelar la respuesta<\/a><\/small><\/h3><form action=\"https:\/\/teamtrackonline.com\/es\/wp-comments-post.php\" method=\"post\" id=\"commentform\" class=\"comment-form\"><p class=\"comment-notes\"><span id=\"email-notes\">Tu direcci\u00f3n de correo electr\u00f3nico no ser\u00e1 publicada.<\/span> <span class=\"required-field-message\">Los campos obligatorios est\u00e1n marcados con <span class=\"required\">*<\/span><\/span><\/p><p class=\"comment-form-comment\"><label for=\"comment\">Comentario <span class=\"required\">*<\/span><\/label> <textarea id=\"comment\" name=\"comment\" cols=\"45\" rows=\"8\" maxlength=\"65525\" required><\/textarea><\/p><p class=\"comment-form-author\"><label for=\"author\">Nombre <span class=\"required\">*<\/span><\/label> <input id=\"author\" name=\"author\" type=\"text\" value=\"\" size=\"30\" maxlength=\"245\" autocomplete=\"name\" required \/><\/p>\n<p class=\"comment-form-email\"><label for=\"email\">Correo electr\u00f3nico <span class=\"required\">*<\/span><\/label> <input id=\"email\" name=\"email\" type=\"email\" value=\"\" size=\"30\" maxlength=\"100\" aria-describedby=\"email-notes\" autocomplete=\"email\" required \/><\/p>\n<p class=\"comment-form-url\"><label for=\"url\">Web<\/label> <input id=\"url\" name=\"url\" type=\"url\" value=\"\" size=\"30\" maxlength=\"200\" autocomplete=\"url\" \/><\/p>\n<p class=\"form-submit wp-block-button\"><input name=\"submit\" type=\"submit\" id=\"submit\" class=\"wp-block-button__link wp-element-button\" value=\"Publicar el comentario\" \/> <input type='hidden' name='comment_post_ID' value='200' id='comment_post_ID' \/>\n<input type='hidden' name='comment_parent' id='comment_parent' value='0' \/>\n<\/p><\/form>\t<\/div><!-- #respond -->\n\t<\/div>\n","protected":false},"excerpt":{"rendered":"<p>Disponemos de balizas de seguimiento en alquiler para eventos ( motos, 4&#215;4, bicicleta, n\u00e1utica, trail, etc&#8230;) Validas para funcionar en casi todo el mundo. Con cobertura GSM. Disponemos de modelo con y sin bot\u00f3n de SOS. Capaces de emitir desde cada 1 segundo hasta cada 30 min, configurable para cada evento. Con web de seguimiento [&hellip;]<\/p>\n","protected":false},"author":1,"featured_media":0,"parent":0,"menu_order":0,"comment_status":"open","ping_status":"closed","template":"","meta":{"footnotes":""},"class_list":["post-200","page","type-page","status-publish","hentry"],"_links":{"self":[{"href":"https:\/\/teamtrackonline.com\/es\/wp-json\/wp\/v2\/pages\/200","targetHints":{"allow":["GET"]}}],"collection":[{"href":"https:\/\/teamtrackonline.com\/es\/wp-json\/wp\/v2\/pages"}],"about":[{"href":"https:\/\/teamtrackonline.com\/es\/wp-json\/wp\/v2\/types\/page"}],"author":[{"embeddable":true,"href":"https:\/\/teamtrackonline.com\/es\/wp-json\/wp\/v2\/users\/1"}],"replies":[{"embeddable":true,"href":"https:\/\/teamtrackonline.com\/es\/wp-json\/wp\/v2\/comments?post=200"}],"version-history":[{"count":2,"href":"https:\/\/teamtrackonline.com\/es\/wp-json\/wp\/v2\/pages\/200\/revisions"}],"predecessor-version":[{"id":260,"href":"https:\/\/teamtrackonline.com\/es\/wp-json\/wp\/v2\/pages\/200\/revisions\/260"}],"wp:attachment":[{"href":"https:\/\/teamtrackonline.com\/es\/wp-json\/wp\/v2\/media?parent=200"}],"curies":[{"name":"wp","href":"https:\/\/api.w.org\/{rel}","templated":true}]}}