{"id":125,"date":"2024-04-23T11:31:28","date_gmt":"2024-04-23T10:31:28","guid":{"rendered":"https:\/\/teamtrackonline.com\/es\/?page_id=125"},"modified":"2024-04-26T08:06:07","modified_gmt":"2024-04-26T07:06:07","slug":"teamtrack-x","status":"publish","type":"page","link":"https:\/\/teamtrackonline.com\/es\/teamtrack-x\/","title":{"rendered":"TeamTrack X"},"content":{"rendered":"\n<div class=\"wp-block-group alignfull has-contrast-background-color has-background has-global-padding is-layout-constrained wp-container-core-group-is-layout-669513ed wp-block-group-is-layout-constrained\" style=\"margin-top:0;margin-bottom:0;padding-top:var(--wp--preset--spacing--50);padding-right:var(--wp--preset--spacing--50);padding-bottom:var(--wp--preset--spacing--50);padding-left:var(--wp--preset--spacing--50)\">\n<div class=\"wp-block-columns alignwide is-layout-flex wp-container-core-columns-is-layout-1da03c2a wp-block-columns-is-layout-flex\">\n<div class=\"wp-block-column is-vertically-aligned-stretch is-layout-flow wp-block-column-is-layout-flow\" style=\"flex-basis:44.45%\">\n<div class=\"wp-block-group is-vertical is-content-justification-stretch is-layout-flex wp-container-core-group-is-layout-444d5ee8 wp-block-group-is-layout-flex\" style=\"min-height:100%\">\n<p class=\"has-base-color has-text-color has-link-color has-heading-font-family has-large-font-size wp-elements-ba715a4390867a8504e041520d9a6a6e\" style=\"line-height:1.2\">Aplicaci\u00f3n para el seguimiento de pilotos<\/p>\n\n\n\n<p class=\"has-base-color has-text-color has-link-color wp-elements-a4666c5ba88372b4446fd8ee965cabc3\" style=\"line-height:1.2\">\u00bfQuieres una aplicaci\u00f3n para que tus amigos te sigan en ruta y que sepan si est\u00e1s bien o necesitas ayuda?<\/p>\n\n\n\n<p class=\"has-base-color has-text-color has-link-color wp-elements-b855846743c9316efd191637b84110e5\" style=\"line-height:1.2\">Permite que tus compa\u00f1eros u organizador de ruta te sigan, carga un GPX para ubicar la ruta y lo m\u00e1s importante, mediante avisos de colores y mensajes saber si necesitas ayuda o est\u00e1s bien.<\/p>\n\n\n\n<p class=\"has-base-color has-text-color has-link-color wp-elements-b30dcbc3e0ce741855cff0b13f137264\" style=\"line-height:1.2\"><\/p>\n\n\n\n<p class=\"has-link-color wp-elements-13be2b5c811cf8d357804401b91a2c5c\" style=\"line-height:1.2\"><\/p>\n\n\n\n<p><\/p>\n\n\n\n<div class=\"wp-block-group has-global-padding is-content-justification-left is-layout-constrained wp-container-core-group-is-layout-9fe8ed88 wp-block-group-is-layout-constrained\">\n<p class=\"wp-container-content-0733e5d0\">Dejando una huella indeleble en el paisaje del ma\u00f1ana.<\/p>\n\n\n\n<div class=\"wp-block-buttons is-layout-flex wp-block-buttons-is-layout-flex\"><\/div>\n<\/div>\n<\/div>\n<\/div>\n\n\n\n<div class=\"wp-block-column is-vertically-aligned-center has-global-padding is-layout-constrained wp-block-column-is-layout-constrained\" style=\"flex-basis:22.22%\">\n<figure class=\"wp-block-image size-full is-resized has-custom-border is-style-rounded is-style-rounded--1\"><img loading=\"lazy\" decoding=\"async\" width=\"666\" height=\"1440\" src=\"https:\/\/teamtrackonline.com\/es\/wp-content\/uploads\/2024\/04\/unnamed-5.webp\" alt=\"\" class=\"has-border-color has-contrast-border-color wp-image-120\" style=\"border-width:3px;border-radius:8px;width:239px;height:auto\"\/><\/figure>\n<\/div>\n\n\n\n<div class=\"wp-block-column is-layout-flow wp-block-column-is-layout-flow\" style=\"flex-basis:33.33%\">\n<figure class=\"wp-block-image size-full is-resized has-custom-border is-style-rounded is-style-rounded--2\"><img loading=\"lazy\" decoding=\"async\" width=\"666\" height=\"1440\" src=\"https:\/\/teamtrackonline.com\/es\/wp-content\/uploads\/2024\/04\/unnamed-6.webp\" alt=\"\" class=\"has-border-color wp-image-126\" style=\"border-color:#111111;border-width:3px;border-radius:8px;width:239px;height:auto\"\/><\/figure>\n<\/div>\n<\/div>\n<\/div>\n\n\n\n<div class=\"wp-block-group alignfull has-base-background-color has-background has-global-padding is-layout-constrained wp-container-core-group-is-layout-d89aad35 wp-block-group-is-layout-constrained\" style=\"margin-top:0;margin-bottom:0;padding-top:var(--wp--preset--spacing--50);padding-right:var(--wp--preset--spacing--50);padding-bottom:var(--wp--preset--spacing--50);padding-left:var(--wp--preset--spacing--50)\">\n<div class=\"wp-block-columns alignwide is-layout-flex wp-container-core-columns-is-layout-549b0c86 wp-block-columns-is-layout-flex\">\n<div class=\"wp-block-column has-global-padding is-content-justification-center is-layout-constrained wp-container-core-column-is-layout-42d62dd4 wp-block-column-is-layout-constrained\" style=\"flex-basis:60%\">\n<div class=\"wp-block-group is-nowrap is-layout-flex wp-container-core-group-is-layout-6c531013 wp-block-group-is-layout-flex\">\n<figure class=\"wp-block-image size-full\"><img loading=\"lazy\" decoding=\"async\" width=\"666\" height=\"1440\" src=\"https:\/\/teamtrackonline.com\/es\/wp-content\/uploads\/2024\/04\/unnamed-8.webp\" alt=\"\" class=\"wp-image-128\"\/><\/figure>\n\n\n\n<div class=\"wp-block-columns is-layout-flex wp-container-core-columns-is-layout-28f84493 wp-block-columns-is-layout-flex\">\n<div class=\"wp-block-column is-layout-flow wp-block-column-is-layout-flow\">\n<figure class=\"wp-block-image size-full is-resized\"><img loading=\"lazy\" decoding=\"async\" width=\"666\" height=\"1440\" src=\"https:\/\/teamtrackonline.com\/es\/wp-content\/uploads\/2024\/04\/unnamed-7.webp\" alt=\"\" class=\"wp-image-127\" style=\"width:121px;height:auto\"\/><\/figure>\n<\/div>\n<\/div>\n<\/div>\n<\/div>\n\n\n\n<div class=\"wp-block-column is-layout-flow wp-container-core-column-is-layout-119bc444 wp-block-column-is-layout-flow\" style=\"flex-basis:60%\">\n<ul class=\"wp-block-list\">\n<li>Boton SOS para que en caso de emergencia llame a alguien o mande sms o email con tus coordenadas.<\/li>\n\n\n\n<li>Requiere permisos para enviar sms y llamadas para activar el boton SOS<\/li>\n\n\n\n<li>Numero ilimitado de amigos.<\/li>\n\n\n\n<li>Sin anuncios ni publicidad<\/li>\n\n\n\n<li>Con una web para poder localizar a todos los compa\u00f1eros desde un PC.<\/li>\n\n\n\n<li>Opci\u00f3n de subir los GPX al servidor y usarlos desde la aplicaci\u00f3n al instante.<\/li>\n\n\n\n<li>Apuntate a eventos o rutas organizadas.<\/li>\n\n\n\n<li>Dispone de Trip ( Virtual ICO ) con rumbo y velocidad.<\/li>\n<\/ul>\n<\/div>\n<\/div>\n<\/div>\n\n\n\n\n\n<figure class=\"wp-block-table is-style-stripes\"><table class=\"has-contrast-color has-base-2-background-color has-text-color has-background has-link-color\" style=\"border-style:none;border-width:0px\"><thead><tr><th>Funciones<\/th><th class=\"has-text-align-center\" data-align=\"center\">TeamTrack X<\/th><th class=\"has-text-align-center\" data-align=\"center\">TeamTrack X Premium<\/th><th class=\"has-text-align-center\" data-align=\"center\">TeamTrack Organizadores<\/th><\/tr><\/thead><tbody><tr><td>Posicionamiento (enviar nuestra ubicaci\u00f3n)<\/td><td class=\"has-text-align-center\" data-align=\"center\">Si<\/td><td class=\"has-text-align-center\" data-align=\"center\">Si<\/td><td class=\"has-text-align-center\" data-align=\"center\">Si<\/td><\/tr><tr><td>Grabar Track con la ruta realizada (GPX)<\/td><td class=\"has-text-align-center\" data-align=\"center\">Si<\/td><td class=\"has-text-align-center\" data-align=\"center\">Si<\/td><td class=\"has-text-align-center\" data-align=\"center\">Si<\/td><\/tr><tr><td>Opci\u00f3n de establecer el estado mediante los codigos de colores ( verde, naranja y rojo )<\/td><td class=\"has-text-align-center\" data-align=\"center\">Si<\/td><td class=\"has-text-align-center\" data-align=\"center\">Si<\/td><td class=\"has-text-align-center\" data-align=\"center\">Si<\/td><\/tr><tr><td>Opci\u00f3n de usar un enlace publico para que cualquiera pueda seguir mi ruta desde un explorador web.<\/td><td class=\"has-text-align-center\" data-align=\"center\">Si<\/td><td class=\"has-text-align-center\" data-align=\"center\">Si<\/td><td class=\"has-text-align-center\" data-align=\"center\">Si<\/td><\/tr><tr><td>Opci\u00f3n de establecer el estado mediante un mensaje describiendo el estado<\/td><td class=\"has-text-align-center\" data-align=\"center\">Si<\/td><td class=\"has-text-align-center\" data-align=\"center\">Si<\/td><td class=\"has-text-align-center\" data-align=\"center\">Si<\/td><\/tr><tr><td>Boton SOS configurable para llamar, enviar sms o email en caso de emergencia.<\/td><td class=\"has-text-align-center\" data-align=\"center\">Si<\/td><td class=\"has-text-align-center\" data-align=\"center\">Si<\/td><td class=\"has-text-align-center\" data-align=\"center\">Si<\/td><\/tr><tr><td>Opcion de enviar Alertas o Notificaciones a los amigos comunicando el estado ( vibracion, sonido, etc )<\/td><td class=\"has-text-align-center\" data-align=\"center\">Si<\/td><td class=\"has-text-align-center\" data-align=\"center\">Si<\/td><td class=\"has-text-align-center\" data-align=\"center\">Si<\/td><\/tr><tr><td>Ver la ubicacion de amigos a tiempo real<\/td><td class=\"has-text-align-center\" data-align=\"center\">Si<\/td><td class=\"has-text-align-center\" data-align=\"center\">Si<\/td><td class=\"has-text-align-center\" data-align=\"center\">Si<\/td><\/tr><tr><td>Maximo numero de amigos<\/td><td class=\"has-text-align-center\" data-align=\"center\">5<\/td><td class=\"has-text-align-center\" data-align=\"center\">Ilimitado<\/td><td class=\"has-text-align-center\" data-align=\"center\">Ilimitado<\/td><\/tr><tr><td>Uso de la web Team Track basico<\/td><td class=\"has-text-align-center\" data-align=\"center\">Si<\/td><td class=\"has-text-align-center\" data-align=\"center\">Si<\/td><td class=\"has-text-align-center\" data-align=\"center\">Si<\/td><\/tr><tr><td>Uso de la web Team Track para gestionar amigos y grupos de amigos<\/td><td class=\"has-text-align-center\" data-align=\"center\">No<\/td><td class=\"has-text-align-center\" data-align=\"center\">Si<\/td><td class=\"has-text-align-center\" data-align=\"center\">Si<\/td><\/tr><tr><td>Mostrar mi ubicacion en la web de Team Track ( para poder visualizar desde PC )<\/td><td class=\"has-text-align-center\" data-align=\"center\">Si<\/td><td class=\"has-text-align-center\" data-align=\"center\">Si<\/td><td class=\"has-text-align-center\" data-align=\"center\">Si<\/td><\/tr><tr><td>Mostrar ubicacion de mis amigos en la web de Team Track ( para poder visualizar desde PC )<\/td><td class=\"has-text-align-center\" data-align=\"center\">No<\/td><td class=\"has-text-align-center\" data-align=\"center\">Si<\/td><td class=\"has-text-align-center\" data-align=\"center\">Si<\/td><\/tr><tr><td>Opcion de apuntarse a eventos<\/td><td class=\"has-text-align-center\" data-align=\"center\">Si<\/td><td class=\"has-text-align-center\" data-align=\"center\">Si<\/td><td class=\"has-text-align-center\" data-align=\"center\">Si<\/td><\/tr><tr><td>Opcion de crear eventos<\/td><td class=\"has-text-align-center\" data-align=\"center\">No<\/td><td class=\"has-text-align-center\" data-align=\"center\">Si<\/td><td class=\"has-text-align-center\" data-align=\"center\">Si<\/td><\/tr><tr><td>Crear y archivar Waypoints en la nube TeamTrack para poder usarlos en la App<\/td><td class=\"has-text-align-center\" data-align=\"center\">Si, maximos 20 Waypoints<\/td><td class=\"has-text-align-center\" data-align=\"center\">Si, maximos 80 Waypoints<\/td><td class=\"has-text-align-center\" data-align=\"center\">Si, ilimitado<\/td><\/tr><tr><td>Crear y archivar Track en la nube TeamTrack para poder usarlos en la App<\/td><td class=\"has-text-align-center\" data-align=\"center\">Si, maximo 5 Tracks<\/td><td class=\"has-text-align-center\" data-align=\"center\">Si, maximo 40 Tracks<\/td><td class=\"has-text-align-center\" data-align=\"center\">Si, ilimitado<\/td><\/tr><tr><td>Opcion de enlazar con baliza fija o movil<\/td><td class=\"has-text-align-center\" data-align=\"center\">No<\/td><td class=\"has-text-align-center\" data-align=\"center\">Si<\/td><td class=\"has-text-align-center\" data-align=\"center\">Si<\/td><\/tr><tr><td>Opcion de compartir Tracks almacenados con otros usuarios<\/td><td class=\"has-text-align-center\" data-align=\"center\">Si<\/td><td class=\"has-text-align-center\" data-align=\"center\">Si<\/td><td class=\"has-text-align-center\" data-align=\"center\">Si<\/td><\/tr><tr><td>Hacer grupos de amigos para poder organizarlos<\/td><td class=\"has-text-align-center\" data-align=\"center\">No<\/td><td class=\"has-text-align-center\" data-align=\"center\">Si<\/td><td class=\"has-text-align-center\" data-align=\"center\">Si<\/td><\/tr><tr><td>Visualizacion de mapas en modo Satelite<\/td><td class=\"has-text-align-center\" data-align=\"center\">Si<\/td><td class=\"has-text-align-center\" data-align=\"center\">Si<\/td><td class=\"has-text-align-center\" data-align=\"center\">Si<\/td><\/tr><tr><td><\/td><td class=\"has-text-align-center\" data-align=\"center\"><\/td><td class=\"has-text-align-center\" data-align=\"center\"><\/td><td class=\"has-text-align-center\" data-align=\"center\"><\/td><\/tr><\/tbody><tfoot><tr><td><strong>Precio<\/strong><\/td><td class=\"has-text-align-center\" data-align=\"center\"><strong>Gratuita<\/strong><\/td><td class=\"has-text-align-center\" data-align=\"center\"><strong>1.99\u20ac \/ mes<\/strong><\/td><td class=\"has-text-align-center\" data-align=\"center\"><strong>59,95\u20ac \/ a\u00f1o<\/strong><\/td><\/tr><\/tfoot><\/table><figcaption class=\"wp-element-caption\">(*)= Orientado a empresas organizadoras de eventos.<\/figcaption><\/figure>\n\n\n\n<p>Descargar app TeamTrack X<\/p>\n\n\n\n<div class=\"wp-block-columns is-layout-flex wp-container-core-columns-is-layout-28f84493 wp-block-columns-is-layout-flex\">\n<div class=\"wp-block-column is-layout-flow wp-block-column-is-layout-flow\">\n<figure class=\"wp-block-image size-full is-resized\"><a href=\"https:\/\/play.google.com\/store\/apps\/details?id=teamTrackplusx.app\" target=\"_blank\" rel=\"noreferrer noopener\"><img loading=\"lazy\" decoding=\"async\" width=\"558\" height=\"162\" src=\"https:\/\/teamtrackonline.com\/es\/wp-content\/uploads\/2024\/04\/es.webp\" alt=\"\" class=\"wp-image-30\" style=\"width:172px;height:auto\"\/><\/a><\/figure>\n<\/div>\n\n\n\n<div class=\"wp-block-column is-layout-flow wp-block-column-is-layout-flow\">\n<figure class=\"wp-block-image size-full is-resized\"><a href=\"https:\/\/apps.apple.com\/us\/app\/teamtrack\/id1215726236?l=es&amp;ls=1\" target=\"_blank\" rel=\"noreferrer noopener\"><img loading=\"lazy\" decoding=\"async\" width=\"200\" height=\"69\" src=\"https:\/\/teamtrackonline.com\/es\/wp-content\/uploads\/2024\/04\/appstore-1.png\" alt=\"\" class=\"wp-image-131\" style=\"width:145px;height:auto\"\/><\/a><\/figure>\n<\/div>\n\n\n\n<div class=\"wp-block-column is-layout-flow wp-block-column-is-layout-flow\"><\/div>\n<\/div>\n\n\n\n<div class=\"wp-block-comments\">\n\n\n\n\n\n\t<div id=\"respond\" class=\"comment-respond wp-block-post-comments-form\">\n\t\t<h3 id=\"reply-title\" class=\"comment-reply-title\">Deja una respuesta <small><a rel=\"nofollow\" id=\"cancel-comment-reply-link\" href=\"\/es\/wp-json\/wp\/v2\/pages\/125#respond\" style=\"display:none;\">Cancelar la respuesta<\/a><\/small><\/h3><form action=\"https:\/\/teamtrackonline.com\/es\/wp-comments-post.php\" method=\"post\" id=\"commentform\" class=\"comment-form\"><p class=\"comment-notes\"><span id=\"email-notes\">Tu direcci\u00f3n de correo electr\u00f3nico no ser\u00e1 publicada.<\/span> <span class=\"required-field-message\">Los campos obligatorios est\u00e1n marcados con <span class=\"required\">*<\/span><\/span><\/p><p class=\"comment-form-comment\"><label for=\"comment\">Comentario <span class=\"required\">*<\/span><\/label> <textarea id=\"comment\" name=\"comment\" cols=\"45\" rows=\"8\" maxlength=\"65525\" required><\/textarea><\/p><p class=\"comment-form-author\"><label for=\"author\">Nombre <span class=\"required\">*<\/span><\/label> <input id=\"author\" name=\"author\" type=\"text\" value=\"\" size=\"30\" maxlength=\"245\" autocomplete=\"name\" required \/><\/p>\n<p class=\"comment-form-email\"><label for=\"email\">Correo electr\u00f3nico <span class=\"required\">*<\/span><\/label> <input id=\"email\" name=\"email\" type=\"email\" value=\"\" size=\"30\" maxlength=\"100\" aria-describedby=\"email-notes\" autocomplete=\"email\" required \/><\/p>\n<p class=\"comment-form-url\"><label for=\"url\">Web<\/label> <input id=\"url\" name=\"url\" type=\"url\" value=\"\" size=\"30\" maxlength=\"200\" autocomplete=\"url\" \/><\/p>\n<p class=\"form-submit wp-block-button\"><input name=\"submit\" type=\"submit\" id=\"submit\" class=\"wp-block-button__link wp-element-button\" value=\"Publicar el comentario\" \/> <input type='hidden' name='comment_post_ID' value='125' id='comment_post_ID' \/>\n<input type='hidden' name='comment_parent' id='comment_parent' value='0' \/>\n<\/p><\/form>\t<\/div><!-- #respond -->\n\t<\/div>\n","protected":false},"excerpt":{"rendered":"<p>Aplicaci\u00f3n para el seguimiento de pilotos \u00bfQuieres una aplicaci\u00f3n para que tus amigos te sigan en ruta y que sepan si est\u00e1s bien o necesitas ayuda? Permite que tus compa\u00f1eros u organizador de ruta te sigan, carga un GPX para ubicar la ruta y lo m\u00e1s importante, mediante avisos de colores y mensajes saber si [&hellip;]<\/p>\n","protected":false},"author":1,"featured_media":0,"parent":0,"menu_order":0,"comment_status":"open","ping_status":"closed","template":"","meta":{"footnotes":""},"class_list":["post-125","page","type-page","status-publish","hentry"],"_links":{"self":[{"href":"https:\/\/teamtrackonline.com\/es\/wp-json\/wp\/v2\/pages\/125","targetHints":{"allow":["GET"]}}],"collection":[{"href":"https:\/\/teamtrackonline.com\/es\/wp-json\/wp\/v2\/pages"}],"about":[{"href":"https:\/\/teamtrackonline.com\/es\/wp-json\/wp\/v2\/types\/page"}],"author":[{"embeddable":true,"href":"https:\/\/teamtrackonline.com\/es\/wp-json\/wp\/v2\/users\/1"}],"replies":[{"embeddable":true,"href":"https:\/\/teamtrackonline.com\/es\/wp-json\/wp\/v2\/comments?post=125"}],"version-history":[{"count":5,"href":"https:\/\/teamtrackonline.com\/es\/wp-json\/wp\/v2\/pages\/125\/revisions"}],"predecessor-version":[{"id":261,"href":"https:\/\/teamtrackonline.com\/es\/wp-json\/wp\/v2\/pages\/125\/revisions\/261"}],"wp:attachment":[{"href":"https:\/\/teamtrackonline.com\/es\/wp-json\/wp\/v2\/media?parent=125"}],"curies":[{"name":"wp","href":"https:\/\/api.w.org\/{rel}","templated":true}]}}