{"id":109,"date":"2024-04-23T09:23:16","date_gmt":"2024-04-23T08:23:16","guid":{"rendered":"https:\/\/teamtrackonline.com\/es\/?page_id=109"},"modified":"2024-07-05T08:28:47","modified_gmt":"2024-07-05T07:28:47","slug":"terminos-y-condiciones","status":"publish","type":"page","link":"https:\/\/teamtrackonline.com\/es\/terminos-y-condiciones\/","title":{"rendered":"T\u00e9rminos y condiciones"},"content":{"rendered":"\n<div class=\"wp-block-group alignwide is-layout-flow wp-block-group-is-layout-flow\">\n<p class=\"has-large-font-size\">Alquiler de balizas<\/p>\n\n\n\n<p>Las balizas van cargadas, listas para encender y entregar a asistentes. Las balizas son limitadas y se respetar\u00e1n las reservas. Confirma tus eventos&nbsp;reservando lo antes posible.<\/p>\n\n\n\n<p><strong>Seguimiento Online<\/strong><\/p>\n\n\n\n<p>&#8211; Seguimiento a trav\u00e9s de web a tiempo real.<\/p>\n\n\n\n<p>&#8211; Grabaci\u00f3n de ruta de cada asistente.<\/p>\n\n\n\n<p>&#8211; Opci\u00f3n de exportar a Excel desde la web.<\/p>\n\n\n\n<p>&#8211; Sistema de notificaci\u00f3n de estado mediante 3 c\u00f3digos de colores y mensaje.<\/p>\n\n\n\n<p>&#8211; Chat de asistentes en ventana de monitorizacion ( registro de estados )<\/p>\n\n\n\n<p>&#8211; Informaci\u00f3n de velocidad \/ altitud \/ bater\u00eda del asistente a tiempo real.<\/p>\n\n\n\n<p>&#8211; Tel\u00e9fono del asistente en ventana de monitorizacion de organizador.<\/p>\n\n\n\n<p>&#8211; Ventana web de monitorizacion publica para mostrar en paddock o seguimiento desde redes sociales.<\/p>\n\n\n\n<p><strong>Precios:<\/strong><\/p>\n\n\n\n<p>&#8211; Consultar opciones<\/p>\n\n\n\n<p>Si no se posee cuenta de organizador se cobrar\u00e1n 20 \u20ac (IVA incluido) por evento.<\/p>\n\n\n\n<p><strong>Funcionamiento:<\/strong><\/p>\n\n\n\n<p>1. Crear el evento desde la web de gesti\u00f3n indicando las fechas, descripci\u00f3n, lugar del eventos, etc. Tambi\u00e9n tienes opci\u00f3n de mostrar hasta cuatro<\/p>\n\n\n\n<p>&nbsp;&nbsp;&nbsp;tracks GPX y Waypoints para mostrar en la web de seguimiento publico, para que se vea a los asistentes sobre la linea y ver mas f\u00e1cilmente la&nbsp;evoluci\u00f3n de la ruta.<\/p>\n\n\n\n<p>2. Enviarnos un documento indicando los nombres de los asistentes, y dorsales y tel\u00e9fonos si se desea.<\/p>\n\n\n\n<p>3. Nosotros os enviamos las balizas ya asignadas con una lista indicando a quien pertenece cada baliza.<\/p>\n\n\n\n<p>4. Encender y entregar las balizas a los asistentes.<\/p>\n\n\n\n<p>5. Recogerlas al finalizar y enviarnoslas.<\/p>\n\n\n\n<p><strong>Regularidad \u00f3 comprobacion de recorrido y seguimiento online.<\/strong><\/p>\n\n\n\n<p>&#8211; Seguimiento a trav\u00e9s de web a tiempo real.<\/p>\n\n\n\n<p>&#8211; Grabaci\u00f3n de ruta de cada asistente.<\/p>\n\n\n\n<p>&#8211; Opci\u00f3n de exportar a Excel desde la web.<\/p>\n\n\n\n<p>&#8211; Sistema de notificaci\u00f3n de estado mediante 3 c\u00f3digos de colores y mensaje.<\/p>\n\n\n\n<p>&#8211; Chat de asistentes en ventana de monitorizacion ( registro de estados )<\/p>\n\n\n\n<p>&#8211; Informaci\u00f3n de velocidad \/ altitud \/ bater\u00eda del asistente a tiempo real.<\/p>\n\n\n\n<p>&#8211; Tel\u00e9fono del asistente en ventana de monitorizacion de organizador.<\/p>\n\n\n\n<p>&#8211; Ventana web de monitorizacion publica para mostrar en paddock o seguimiento desde redes sociales.<\/p>\n\n\n\n<p>&#8211; Puntos de control con penalizaciones por anticipo o retraso en su llegada.<\/p>\n\n\n\n<p>&#8211; Web con ranking de participantes a tiempo real. Resumen por totales o por etapa.<\/p>\n\n\n\n<p><strong>Precios:<\/strong><\/p>\n\n\n\n<p>&#8211; Consultar opciones<\/p>\n\n\n\n<p>Si no se posee cuenta de organizador se cobrar\u00e1n 20 \u20ac (IVA incluido) por evento.<\/p>\n\n\n\n<p><strong>Funcionamiento:<\/strong><\/p>\n\n\n\n<p>1. Crear el evento desde la web de gesti\u00f3n indicando las fechas, descripci\u00f3n, lugar del eventos, etc.<\/p>\n\n\n\n<p>2. Introducir el track del evento, e indicar los puntos de GPX donde se va a realizar el control de paso y el tiempo te\u00f3rico en relaci\u00f3n con el punto<\/p>\n\n\n\n<p>&nbsp;&nbsp;&nbsp;inicial.<\/p>\n\n\n\n<p>3. Establecer los puntos a penalizar por cada segundo de anticipo o retraso por los puntos. Y los puntos a penalizar por salto de puntos de control.<\/p>\n\n\n\n<p>4. Me pasas un documento indicando los nombres de los asistentes, y dorsales y tel\u00e9fonos si se desea.<\/p>\n\n\n\n<p>5. Nosotros os enviamos las balizas ya asignadas con una lista indicando a quien pertenece cada baliza.<\/p>\n\n\n\n<p>6. Encender y entregar las balizas a los asistentes.<\/p>\n\n\n\n<p>7. Recogerlas al finalizar y enviarnolas.<\/p>\n\n\n\n<p><strong>Pago:<\/strong><\/p>\n\n\n\n<p>&#8211; El 20 % del pago se realizar\u00e1 al reservar la fecha. 40 % de siguiente se realizar\u00e1 una semana antes de enviar las balizas, el 40 % restante en los&nbsp;tres d\u00edas siguientes al fin del evento. En caso de anulacion de evento o reserva con menos de 30 dias se perder\u00e1 el 20 % del pago inicial.<\/p>\n\n\n\n<p>&#8211; Cuota anual para organizar eventos ilimitados: 59,95 \u20ac\/a\u00f1o ( existe la opci\u00f3n de que el evento vaya a nombre de TeamTrack y as\u00ed&nbsp;no pagar esa cuota )<\/p>\n\n\n\n<p><strong>Fianza:<\/strong><\/p>\n\n\n\n<p>&#8211; Se estudiar\u00e1 en cada caso. Aun asi se deber\u00e1 abonar el importe de las balizas perdidas o da\u00f1adas. El coste de cada baliza son 80 \u20ac en&nbsp;caso caso de la RD200 y 180 \u20ac en caso de la GL300W.<\/p>\n\n\n\n<p><strong>Envio:<\/strong><\/p>\n\n\n\n<p>&#8211; El env\u00edo de ida esta incluido en el precio. El env\u00edo de vuelta correr\u00e1 por el organizador, y deber\u00e1n enviarse como m\u00e1ximo dos d\u00edas&nbsp;despu\u00e9s de finalizar el evento, para poder volver a cargarlas y enviarlas a otros eventos. Pasados ese tiempo se deber\u00e1 facturar los&nbsp;d\u00edas extra.<\/p>\n<\/div>\n","protected":false},"excerpt":{"rendered":"<p>Alquiler de balizas Las balizas van cargadas, listas para encender y entregar a asistentes. Las balizas son limitadas y se respetar\u00e1n las reservas. Confirma tus eventos&nbsp;reservando lo antes posible. Seguimiento Online &#8211; Seguimiento a trav\u00e9s de web a tiempo real. &#8211; Grabaci\u00f3n de ruta de cada asistente. &#8211; Opci\u00f3n de exportar a Excel desde la [&hellip;]<\/p>\n","protected":false},"author":1,"featured_media":0,"parent":0,"menu_order":0,"comment_status":"closed","ping_status":"closed","template":"","meta":{"footnotes":""},"class_list":["post-109","page","type-page","status-publish","hentry"],"_links":{"self":[{"href":"https:\/\/teamtrackonline.com\/es\/wp-json\/wp\/v2\/pages\/109","targetHints":{"allow":["GET"]}}],"collection":[{"href":"https:\/\/teamtrackonline.com\/es\/wp-json\/wp\/v2\/pages"}],"about":[{"href":"https:\/\/teamtrackonline.com\/es\/wp-json\/wp\/v2\/types\/page"}],"author":[{"embeddable":true,"href":"https:\/\/teamtrackonline.com\/es\/wp-json\/wp\/v2\/users\/1"}],"replies":[{"embeddable":true,"href":"https:\/\/teamtrackonline.com\/es\/wp-json\/wp\/v2\/comments?post=109"}],"version-history":[{"count":2,"href":"https:\/\/teamtrackonline.com\/es\/wp-json\/wp\/v2\/pages\/109\/revisions"}],"predecessor-version":[{"id":340,"href":"https:\/\/teamtrackonline.com\/es\/wp-json\/wp\/v2\/pages\/109\/revisions\/340"}],"wp:attachment":[{"href":"https:\/\/teamtrackonline.com\/es\/wp-json\/wp\/v2\/media?parent=109"}],"curies":[{"name":"wp","href":"https:\/\/api.w.org\/{rel}","templated":true}]}}